{"id":11,"date":"2021-01-12T13:42:33","date_gmt":"2021-01-12T12:42:33","guid":{"rendered":"https:\/\/rectificadoscuevas.com\/httpdocs-wordpress\/?page_id=11"},"modified":"2024-04-11T13:42:58","modified_gmt":"2024-04-11T11:42:58","slug":"acerca-de","status":"publish","type":"page","link":"https:\/\/rectificadoscuevas.com\/?page_id=11","title":{"rendered":"Acerca de"},"content":{"rendered":"\n<div style=\"height:50px\" aria-hidden=\"true\" class=\"wp-block-spacer\"><\/div>\n\n\n\n<h2 class=\"wp-block-heading has-black-color has-text-color has-link-color wp-elements-799bf2015ef0e684b57a65f9a570ec72\" style=\"font-size:36px\">Rectificados Cuevas<\/h2>\n\n\n\n<hr class=\"wp-block-separator has-alpha-channel-opacity\"\/>\n\n\n\n<p class=\"has-black-color has-text-color has-link-color wp-elements-7098a069fd69f9b751ed704ada5f6d1f\" style=\"font-size:26px\">Somos una peque\u00f1a empresa fundada en 1997 que se dedica al mantenimiento y reparaci\u00f3n de motores, venta de coches y piezas de estos, adem\u00e1s de ofrecer servicios de asesoramiento automotriz. <\/p>\n\n\n\n<div style=\"height:20px\" aria-hidden=\"true\" class=\"wp-block-spacer\"><\/div>\n\n\n\n<figure class=\"wp-block-image alignfull size-full\"><img loading=\"lazy\" decoding=\"async\" width=\"600\" height=\"438\" src=\"https:\/\/rectificadoscuevas.com\/wp-content\/uploads\/2021\/01\/portada.png\" alt=\"\" class=\"wp-image-49\" srcset=\"https:\/\/rectificadoscuevas.com\/wp-content\/uploads\/2021\/01\/portada.png 600w, https:\/\/rectificadoscuevas.com\/wp-content\/uploads\/2021\/01\/portada-300x219.png 300w\" sizes=\"auto, (max-width: 600px) 100vw, 600px\" \/><\/figure>\n\n\n\n<div style=\"height:40px\" aria-hidden=\"true\" class=\"wp-block-spacer\"><\/div>\n\n\n\n<p class=\"has-black-color has-text-color has-link-color wp-elements-a70356ed2f2362619b631ee5d28afc67\" style=\"font-size:26px\">Nuestro compromiso nos empuja a ofrecer servicios de alta calidad que puedan solucionar cualquier problema del campo del motor y a ofrecer soluciones que satisfagan a todos.<\/p>\n\n\n\n<p class=\"has-black-color has-text-color has-link-color wp-elements-85b362864c807986356c7f54f4dadf55\" style=\"font-size:26px\">Gracias a nuestro equipo de profesionales somos capaces de ofrecer servicios de la mejor calidad y resolver cualquier problema que les surjan a nuestros clientes.<\/p>\n\n\n\n<div style=\"height:20px\" aria-hidden=\"true\" class=\"wp-block-spacer\"><\/div>\n\n\n\n<figure class=\"wp-block-image alignfull size-full\"><img loading=\"lazy\" decoding=\"async\" width=\"700\" height=\"414\" src=\"https:\/\/rectificadoscuevas.com\/wp-content\/uploads\/2021\/01\/index001.png\" alt=\"\" class=\"wp-image-48\" srcset=\"https:\/\/rectificadoscuevas.com\/wp-content\/uploads\/2021\/01\/index001.png 700w, https:\/\/rectificadoscuevas.com\/wp-content\/uploads\/2021\/01\/index001-600x355.png 600w, https:\/\/rectificadoscuevas.com\/wp-content\/uploads\/2021\/01\/index001-300x177.png 300w\" sizes=\"auto, (max-width: 700px) 100vw, 700px\" \/><\/figure>\n\n\n\n<div style=\"height:20px\" aria-hidden=\"true\" class=\"wp-block-spacer\"><\/div>\n\n\n\n<p class=\"has-text-align-center has-black-color has-text-color has-link-color wp-elements-20fff0c046c17f60e9dfce76d4668149\" style=\"font-size:26px\">Si quiere saber mas vaya a nuestra pagina de contacto, \u00a1estaremos encantados de atenderle!<\/p>\n\n\n\n<hr class=\"wp-block-separator has-alpha-channel-opacity\"\/>\n\n\n\n<div class=\"wp-block-buttons alignwide is-content-justification-center is-layout-flex wp-container-core-buttons-is-layout-16018d1d wp-block-buttons-is-layout-flex\">\n<div class=\"wp-block-button\"><a class=\"wp-block-button__link has-white-color has-black-background-color has-text-color has-background has-link-color has-text-align-center wp-element-button\" href=\"https:\/\/rectificadoscuevas.com\/?page_id=12\"><mark style=\"background-color:rgba(0, 0, 0, 0)\" class=\"has-inline-color has-white-color\">Con\u00f3zcanos<\/mark><\/a><\/div>\n<\/div>\n","protected":false},"excerpt":{"rendered":"<p>Rectificados Cuevas Somos una peque\u00f1a empresa fundada en 1997 que se dedica al mantenimiento y reparaci\u00f3n de motores, venta de coches y piezas de estos, adem\u00e1s de ofrecer servicios de asesoramiento automotriz. Nuestro compromiso nos empuja a ofrecer servicios de alta calidad que puedan solucionar cualquier problema del campo del motor y a ofrecer soluciones [&hellip;]<\/p>\n","protected":false},"author":1,"featured_media":0,"parent":0,"menu_order":0,"comment_status":"closed","ping_status":"closed","template":"","meta":{"_regular_price":[],"currency_symbol":[],"om_disable_all_campaigns":false,"_monsterinsights_skip_tracking":false,"_monsterinsights_sitenote_active":false,"_monsterinsights_sitenote_note":"","_monsterinsights_sitenote_category":0,"footnotes":""},"class_list":["post-11","page","type-page","status-publish","hentry"],"post_slider_layout_featured_media_urls":{"thumbnail":"","post_slider_layout_landscape_large":"","post_slider_layout_portrait_large":"","post_slider_layout_square_large":"","post_slider_layout_landscape":"","post_slider_layout_portrait":"","post_slider_layout_square":"","full":""},"yoast_head":"<!-- This site is optimized with the Yoast SEO plugin v22.5 - https:\/\/yoast.com\/wordpress\/plugins\/seo\/ -->\n<title>Acerca de - Rectificados Cuevas<\/title>\n<meta name=\"robots\" content=\"index, follow, max-snippet:-1, max-image-preview:large, max-video-preview:-1\" \/>\n<link rel=\"canonical\" href=\"https:\/\/rectificadoscuevas.com\/?page_id=11\" \/>\n<meta property=\"og:locale\" content=\"es_ES\" \/>\n<meta property=\"og:type\" content=\"article\" \/>\n<meta property=\"og:title\" content=\"Acerca de - Rectificados Cuevas\" \/>\n<meta property=\"og:description\" content=\"Rectificados Cuevas Somos una peque\u00f1a empresa fundada en 1997 que se dedica al mantenimiento y reparaci\u00f3n de motores, venta de coches y piezas de estos, adem\u00e1s de ofrecer servicios de asesoramiento automotriz. Nuestro compromiso nos empuja a ofrecer servicios de alta calidad que puedan solucionar cualquier problema del campo del motor y a ofrecer soluciones [&hellip;]\" \/>\n<meta property=\"og:url\" content=\"https:\/\/rectificadoscuevas.com\/?page_id=11\" \/>\n<meta property=\"og:site_name\" content=\"Rectificados Cuevas\" \/>\n<meta property=\"article:modified_time\" content=\"2024-04-11T11:42:58+00:00\" \/>\n<meta property=\"og:image\" content=\"https:\/\/rectificadoscuevas.com\/wp-content\/uploads\/2021\/01\/portada.png\" \/>\n<meta name=\"twitter:card\" content=\"summary_large_image\" \/>\n<meta name=\"twitter:label1\" content=\"Tiempo de lectura\" \/>\n\t<meta name=\"twitter:data1\" content=\"1 minuto\" \/>\n<script type=\"application\/ld+json\" class=\"yoast-schema-graph\">{\"@context\":\"https:\/\/schema.org\",\"@graph\":[{\"@type\":\"WebPage\",\"@id\":\"https:\/\/rectificadoscuevas.com\/?page_id=11\",\"url\":\"https:\/\/rectificadoscuevas.com\/?page_id=11\",\"name\":\"Acerca de - Rectificados Cuevas\",\"isPartOf\":{\"@id\":\"https:\/\/rectificadoscuevas.com\/#website\"},\"primaryImageOfPage\":{\"@id\":\"https:\/\/rectificadoscuevas.com\/?page_id=11#primaryimage\"},\"image\":{\"@id\":\"https:\/\/rectificadoscuevas.com\/?page_id=11#primaryimage\"},\"thumbnailUrl\":\"https:\/\/rectificadoscuevas.com\/wp-content\/uploads\/2021\/01\/portada.png\",\"datePublished\":\"2021-01-12T12:42:33+00:00\",\"dateModified\":\"2024-04-11T11:42:58+00:00\",\"breadcrumb\":{\"@id\":\"https:\/\/rectificadoscuevas.com\/?page_id=11#breadcrumb\"},\"inLanguage\":\"es\",\"potentialAction\":[{\"@type\":\"ReadAction\",\"target\":[\"https:\/\/rectificadoscuevas.com\/?page_id=11\"]}]},{\"@type\":\"ImageObject\",\"inLanguage\":\"es\",\"@id\":\"https:\/\/rectificadoscuevas.com\/?page_id=11#primaryimage\",\"url\":\"https:\/\/rectificadoscuevas.com\/wp-content\/uploads\/2021\/01\/portada.png\",\"contentUrl\":\"https:\/\/rectificadoscuevas.com\/wp-content\/uploads\/2021\/01\/portada.png\",\"width\":600,\"height\":438},{\"@type\":\"BreadcrumbList\",\"@id\":\"https:\/\/rectificadoscuevas.com\/?page_id=11#breadcrumb\",\"itemListElement\":[{\"@type\":\"ListItem\",\"position\":1,\"name\":\"Portada\",\"item\":\"https:\/\/rectificadoscuevas.com\/\"},{\"@type\":\"ListItem\",\"position\":2,\"name\":\"Acerca de\"}]},{\"@type\":\"WebSite\",\"@id\":\"https:\/\/rectificadoscuevas.com\/#website\",\"url\":\"https:\/\/rectificadoscuevas.com\/\",\"name\":\"Rectificados Cuevas\",\"description\":\"Motores gasolina y diesel. Recambio y rectificado de motores\",\"publisher\":{\"@id\":\"https:\/\/rectificadoscuevas.com\/#organization\"},\"potentialAction\":[{\"@type\":\"SearchAction\",\"target\":{\"@type\":\"EntryPoint\",\"urlTemplate\":\"https:\/\/rectificadoscuevas.com\/?s={search_term_string}\"},\"query-input\":\"required name=search_term_string\"}],\"inLanguage\":\"es\"},{\"@type\":\"Organization\",\"@id\":\"https:\/\/rectificadoscuevas.com\/#organization\",\"name\":\"Rectificados Cuevas SLU\",\"url\":\"https:\/\/rectificadoscuevas.com\/\",\"logo\":{\"@type\":\"ImageObject\",\"inLanguage\":\"es\",\"@id\":\"https:\/\/rectificadoscuevas.com\/#\/schema\/logo\/image\/\",\"url\":\"https:\/\/rectificadoscuevas.com\/wp-content\/uploads\/2023\/04\/logocuevas.jpg\",\"contentUrl\":\"https:\/\/rectificadoscuevas.com\/wp-content\/uploads\/2023\/04\/logocuevas.jpg\",\"width\":719,\"height\":221,\"caption\":\"Rectificados Cuevas SLU\"},\"image\":{\"@id\":\"https:\/\/rectificadoscuevas.com\/#\/schema\/logo\/image\/\"}}]}<\/script>\n<!-- \/ Yoast SEO plugin. -->","yoast_head_json":{"title":"Acerca de - Rectificados Cuevas","robots":{"index":"index","follow":"follow","max-snippet":"max-snippet:-1","max-image-preview":"max-image-preview:large","max-video-preview":"max-video-preview:-1"},"canonical":"https:\/\/rectificadoscuevas.com\/?page_id=11","og_locale":"es_ES","og_type":"article","og_title":"Acerca de - Rectificados Cuevas","og_description":"Rectificados Cuevas Somos una peque\u00f1a empresa fundada en 1997 que se dedica al mantenimiento y reparaci\u00f3n de motores, venta de coches y piezas de estos, adem\u00e1s de ofrecer servicios de asesoramiento automotriz. Nuestro compromiso nos empuja a ofrecer servicios de alta calidad que puedan solucionar cualquier problema del campo del motor y a ofrecer soluciones [&hellip;]","og_url":"https:\/\/rectificadoscuevas.com\/?page_id=11","og_site_name":"Rectificados Cuevas","article_modified_time":"2024-04-11T11:42:58+00:00","og_image":[{"url":"https:\/\/rectificadoscuevas.com\/wp-content\/uploads\/2021\/01\/portada.png"}],"twitter_card":"summary_large_image","twitter_misc":{"Tiempo de lectura":"1 minuto"},"schema":{"@context":"https:\/\/schema.org","@graph":[{"@type":"WebPage","@id":"https:\/\/rectificadoscuevas.com\/?page_id=11","url":"https:\/\/rectificadoscuevas.com\/?page_id=11","name":"Acerca de - Rectificados Cuevas","isPartOf":{"@id":"https:\/\/rectificadoscuevas.com\/#website"},"primaryImageOfPage":{"@id":"https:\/\/rectificadoscuevas.com\/?page_id=11#primaryimage"},"image":{"@id":"https:\/\/rectificadoscuevas.com\/?page_id=11#primaryimage"},"thumbnailUrl":"https:\/\/rectificadoscuevas.com\/wp-content\/uploads\/2021\/01\/portada.png","datePublished":"2021-01-12T12:42:33+00:00","dateModified":"2024-04-11T11:42:58+00:00","breadcrumb":{"@id":"https:\/\/rectificadoscuevas.com\/?page_id=11#breadcrumb"},"inLanguage":"es","potentialAction":[{"@type":"ReadAction","target":["https:\/\/rectificadoscuevas.com\/?page_id=11"]}]},{"@type":"ImageObject","inLanguage":"es","@id":"https:\/\/rectificadoscuevas.com\/?page_id=11#primaryimage","url":"https:\/\/rectificadoscuevas.com\/wp-content\/uploads\/2021\/01\/portada.png","contentUrl":"https:\/\/rectificadoscuevas.com\/wp-content\/uploads\/2021\/01\/portada.png","width":600,"height":438},{"@type":"BreadcrumbList","@id":"https:\/\/rectificadoscuevas.com\/?page_id=11#breadcrumb","itemListElement":[{"@type":"ListItem","position":1,"name":"Portada","item":"https:\/\/rectificadoscuevas.com\/"},{"@type":"ListItem","position":2,"name":"Acerca de"}]},{"@type":"WebSite","@id":"https:\/\/rectificadoscuevas.com\/#website","url":"https:\/\/rectificadoscuevas.com\/","name":"Rectificados Cuevas","description":"Motores gasolina y diesel. Recambio y rectificado de motores","publisher":{"@id":"https:\/\/rectificadoscuevas.com\/#organization"},"potentialAction":[{"@type":"SearchAction","target":{"@type":"EntryPoint","urlTemplate":"https:\/\/rectificadoscuevas.com\/?s={search_term_string}"},"query-input":"required name=search_term_string"}],"inLanguage":"es"},{"@type":"Organization","@id":"https:\/\/rectificadoscuevas.com\/#organization","name":"Rectificados Cuevas SLU","url":"https:\/\/rectificadoscuevas.com\/","logo":{"@type":"ImageObject","inLanguage":"es","@id":"https:\/\/rectificadoscuevas.com\/#\/schema\/logo\/image\/","url":"https:\/\/rectificadoscuevas.com\/wp-content\/uploads\/2023\/04\/logocuevas.jpg","contentUrl":"https:\/\/rectificadoscuevas.com\/wp-content\/uploads\/2023\/04\/logocuevas.jpg","width":719,"height":221,"caption":"Rectificados Cuevas SLU"},"image":{"@id":"https:\/\/rectificadoscuevas.com\/#\/schema\/logo\/image\/"}}]}},"jetpack_sharing_enabled":true,"_links":{"self":[{"href":"https:\/\/rectificadoscuevas.com\/index.php?rest_route=\/wp\/v2\/pages\/11","targetHints":{"allow":["GET"]}}],"collection":[{"href":"https:\/\/rectificadoscuevas.com\/index.php?rest_route=\/wp\/v2\/pages"}],"about":[{"href":"https:\/\/rectificadoscuevas.com\/index.php?rest_route=\/wp\/v2\/types\/page"}],"author":[{"embeddable":true,"href":"https:\/\/rectificadoscuevas.com\/index.php?rest_route=\/wp\/v2\/users\/1"}],"replies":[{"embeddable":true,"href":"https:\/\/rectificadoscuevas.com\/index.php?rest_route=%2Fwp%2Fv2%2Fcomments&post=11"}],"version-history":[{"count":5,"href":"https:\/\/rectificadoscuevas.com\/index.php?rest_route=\/wp\/v2\/pages\/11\/revisions"}],"predecessor-version":[{"id":488,"href":"https:\/\/rectificadoscuevas.com\/index.php?rest_route=\/wp\/v2\/pages\/11\/revisions\/488"}],"wp:attachment":[{"href":"https:\/\/rectificadoscuevas.com\/index.php?rest_route=%2Fwp%2Fv2%2Fmedia&parent=11"}],"curies":[{"name":"wp","href":"https:\/\/api.w.org\/{rel}","templated":true}]}}