{"id":123,"date":"2023-04-12T21:38:41","date_gmt":"2023-04-12T19:38:41","guid":{"rendered":"https:\/\/rectificadoscuevas.com\/?page_id=123"},"modified":"2024-04-11T10:08:34","modified_gmt":"2024-04-11T08:08:34","slug":"laboratorio-diesel","status":"publish","type":"page","link":"https:\/\/rectificadoscuevas.com\/?page_id=123","title":{"rendered":"Laboratorio di\u00e9sel"},"content":{"rendered":"\n<div style=\"height:50px\" aria-hidden=\"true\" class=\"wp-block-spacer\"><\/div>\n\n\n\n<h2 class=\"wp-block-heading has-text-align-center has-black-color has-text-color has-link-color wp-elements-a67f7d8ce8cc58220f41b375fbfa56a7\" style=\"font-size:36px\">Servicios Inyecci\u00f3n di\u00e9sel para todo tipo de motores.<\/h2>\n\n\n\n<hr class=\"wp-block-separator has-alpha-channel-opacity\"\/>\n\n\n\n<ul class=\"wp-block-list\">\n<li style=\"font-size:26px\">Ofrecemos la reparaci\u00f3n de todo tipo de equipos de inyecci\u00f3n diesel existentes en el mercado.<\/li>\n\n\n\n<li style=\"font-size:26px\">Bombas de inyecci\u00f3n rotativas y en l\u00ednea Bosch, Delphi, Zexel&#8230;.<\/li>\n\n\n\n<li style=\"font-size:26px\">Bombas de alta presi\u00f3n c.rail e inyectores inclusive piezoel\u00e9ctricas.<\/li>\n\n\n\n<li style=\"font-size:26px\">Sistemas Inyector-bomba Eui.<\/li>\n\n\n\n<li style=\"font-size:26px\">Bombas unitarias.<\/li>\n\n\n\n<li style=\"font-size:26px\">Reparaci\u00f3n y equilibrado de Turbinas, y conjuntos turbocompresor.<\/li>\n<\/ul>\n\n\n\n<hr class=\"wp-block-separator has-alpha-channel-opacity\"\/>\n\n\n\n<div class=\"wp-block-columns is-layout-flex wp-container-core-columns-is-layout-9d6595d7 wp-block-columns-is-layout-flex\">\n<div class=\"wp-block-column is-layout-flow wp-block-column-is-layout-flow\"><div class=\"wp-block-image\">\n<figure class=\"aligncenter size-large is-resized\"><img loading=\"lazy\" decoding=\"async\" width=\"1024\" height=\"675\" src=\"https:\/\/rectificadoscuevas.com\/wp-content\/uploads\/2021\/01\/Diesel1-1024x675.png\" alt=\"\" class=\"wp-image-65\" style=\"aspect-ratio:1;object-fit:cover;width:300px\" srcset=\"https:\/\/rectificadoscuevas.com\/wp-content\/uploads\/2021\/01\/Diesel1-1024x675.png 1024w, https:\/\/rectificadoscuevas.com\/wp-content\/uploads\/2021\/01\/Diesel1-600x396.png 600w, https:\/\/rectificadoscuevas.com\/wp-content\/uploads\/2021\/01\/Diesel1-300x198.png 300w, https:\/\/rectificadoscuevas.com\/wp-content\/uploads\/2021\/01\/Diesel1-768x506.png 768w, https:\/\/rectificadoscuevas.com\/wp-content\/uploads\/2021\/01\/Diesel1.png 1080w\" sizes=\"auto, (max-width: 1024px) 100vw, 1024px\" \/><\/figure>\n<\/div><\/div>\n\n\n\n<div class=\"wp-block-column is-layout-flow wp-block-column-is-layout-flow\"><div class=\"wp-block-image\">\n<figure class=\"aligncenter size-large is-resized\"><img loading=\"lazy\" decoding=\"async\" width=\"1024\" height=\"675\" src=\"https:\/\/rectificadoscuevas.com\/wp-content\/uploads\/2021\/01\/Diesel2-1024x675.png\" alt=\"\" class=\"wp-image-67\" style=\"aspect-ratio:1;object-fit:cover;width:300px\" srcset=\"https:\/\/rectificadoscuevas.com\/wp-content\/uploads\/2021\/01\/Diesel2-1024x675.png 1024w, https:\/\/rectificadoscuevas.com\/wp-content\/uploads\/2021\/01\/Diesel2-600x396.png 600w, https:\/\/rectificadoscuevas.com\/wp-content\/uploads\/2021\/01\/Diesel2-300x198.png 300w, https:\/\/rectificadoscuevas.com\/wp-content\/uploads\/2021\/01\/Diesel2-768x506.png 768w, https:\/\/rectificadoscuevas.com\/wp-content\/uploads\/2021\/01\/Diesel2.png 1080w\" sizes=\"auto, (max-width: 1024px) 100vw, 1024px\" \/><\/figure>\n<\/div><\/div>\n<\/div>\n\n\n\n<div style=\"height:30px\" aria-hidden=\"true\" class=\"wp-block-spacer\"><\/div>\n\n\n\n<div class=\"wp-block-columns is-layout-flex wp-container-core-columns-is-layout-9d6595d7 wp-block-columns-is-layout-flex\">\n<div class=\"wp-block-column is-layout-flow wp-block-column-is-layout-flow\"><div class=\"wp-block-image\">\n<figure class=\"aligncenter size-large is-resized\"><img loading=\"lazy\" decoding=\"async\" width=\"1024\" height=\"677\" src=\"https:\/\/rectificadoscuevas.com\/wp-content\/uploads\/2021\/01\/Diesel3-1024x677.png\" alt=\"\" class=\"wp-image-68\" style=\"aspect-ratio:1;object-fit:cover;width:300px\" srcset=\"https:\/\/rectificadoscuevas.com\/wp-content\/uploads\/2021\/01\/Diesel3-1024x677.png 1024w, https:\/\/rectificadoscuevas.com\/wp-content\/uploads\/2021\/01\/Diesel3-600x397.png 600w, https:\/\/rectificadoscuevas.com\/wp-content\/uploads\/2021\/01\/Diesel3-300x198.png 300w, https:\/\/rectificadoscuevas.com\/wp-content\/uploads\/2021\/01\/Diesel3-768x508.png 768w, https:\/\/rectificadoscuevas.com\/wp-content\/uploads\/2021\/01\/Diesel3.png 1080w\" sizes=\"auto, (max-width: 1024px) 100vw, 1024px\" \/><\/figure>\n<\/div><\/div>\n\n\n\n<div class=\"wp-block-column is-layout-flow wp-block-column-is-layout-flow\"><div class=\"wp-block-image\">\n<figure class=\"aligncenter size-full is-resized\"><img loading=\"lazy\" decoding=\"async\" width=\"300\" height=\"198\" src=\"https:\/\/rectificadoscuevas.com\/wp-content\/uploads\/2021\/01\/banco-labodiesel.png\" alt=\"\" class=\"wp-image-60\" style=\"aspect-ratio:1;object-fit:cover;width:300px\"\/><\/figure>\n<\/div><\/div>\n<\/div>\n","protected":false},"excerpt":{"rendered":"<p>Servicios Inyecci\u00f3n di\u00e9sel para todo tipo de motores.<\/p>\n","protected":false},"author":2,"featured_media":0,"parent":0,"menu_order":0,"comment_status":"closed","ping_status":"closed","template":"","meta":{"_regular_price":[],"currency_symbol":[],"om_disable_all_campaigns":false,"_monsterinsights_skip_tracking":false,"_monsterinsights_sitenote_active":false,"_monsterinsights_sitenote_note":"","_monsterinsights_sitenote_category":0,"footnotes":""},"class_list":["post-123","page","type-page","status-publish","hentry"],"post_slider_layout_featured_media_urls":{"thumbnail":"","post_slider_layout_landscape_large":"","post_slider_layout_portrait_large":"","post_slider_layout_square_large":"","post_slider_layout_landscape":"","post_slider_layout_portrait":"","post_slider_layout_square":"","full":""},"yoast_head":"<!-- This site is optimized with the Yoast SEO plugin v22.5 - https:\/\/yoast.com\/wordpress\/plugins\/seo\/ -->\n<title>Laboratorio di\u00e9sel - Rectificados Cuevas<\/title>\n<meta name=\"robots\" content=\"index, follow, max-snippet:-1, max-image-preview:large, max-video-preview:-1\" \/>\n<link rel=\"canonical\" href=\"https:\/\/rectificadoscuevas.com\/?page_id=123\" \/>\n<meta property=\"og:locale\" content=\"es_ES\" \/>\n<meta property=\"og:type\" content=\"article\" \/>\n<meta property=\"og:title\" content=\"Laboratorio di\u00e9sel - Rectificados Cuevas\" \/>\n<meta property=\"og:description\" content=\"Servicios Inyecci\u00f3n di\u00e9sel para todo tipo de motores.\" \/>\n<meta property=\"og:url\" content=\"https:\/\/rectificadoscuevas.com\/?page_id=123\" \/>\n<meta property=\"og:site_name\" content=\"Rectificados Cuevas\" \/>\n<meta property=\"article:modified_time\" content=\"2024-04-11T08:08:34+00:00\" \/>\n<meta property=\"og:image\" content=\"https:\/\/rectificadoscuevas.com\/wp-content\/uploads\/2021\/01\/Diesel1-1024x675.png\" \/>\n<meta name=\"twitter:card\" content=\"summary_large_image\" \/>\n<meta name=\"twitter:label1\" content=\"Tiempo de lectura\" \/>\n\t<meta name=\"twitter:data1\" content=\"2 minutos\" \/>\n<script type=\"application\/ld+json\" class=\"yoast-schema-graph\">{\"@context\":\"https:\/\/schema.org\",\"@graph\":[{\"@type\":\"WebPage\",\"@id\":\"https:\/\/rectificadoscuevas.com\/?page_id=123\",\"url\":\"https:\/\/rectificadoscuevas.com\/?page_id=123\",\"name\":\"Laboratorio di\u00e9sel - Rectificados Cuevas\",\"isPartOf\":{\"@id\":\"https:\/\/rectificadoscuevas.com\/#website\"},\"primaryImageOfPage\":{\"@id\":\"https:\/\/rectificadoscuevas.com\/?page_id=123#primaryimage\"},\"image\":{\"@id\":\"https:\/\/rectificadoscuevas.com\/?page_id=123#primaryimage\"},\"thumbnailUrl\":\"https:\/\/rectificadoscuevas.com\/wp-content\/uploads\/2021\/01\/Diesel1-1024x675.png\",\"datePublished\":\"2023-04-12T19:38:41+00:00\",\"dateModified\":\"2024-04-11T08:08:34+00:00\",\"breadcrumb\":{\"@id\":\"https:\/\/rectificadoscuevas.com\/?page_id=123#breadcrumb\"},\"inLanguage\":\"es\",\"potentialAction\":[{\"@type\":\"ReadAction\",\"target\":[\"https:\/\/rectificadoscuevas.com\/?page_id=123\"]}]},{\"@type\":\"ImageObject\",\"inLanguage\":\"es\",\"@id\":\"https:\/\/rectificadoscuevas.com\/?page_id=123#primaryimage\",\"url\":\"https:\/\/rectificadoscuevas.com\/wp-content\/uploads\/2021\/01\/Diesel1.png\",\"contentUrl\":\"https:\/\/rectificadoscuevas.com\/wp-content\/uploads\/2021\/01\/Diesel1.png\",\"width\":1080,\"height\":712},{\"@type\":\"BreadcrumbList\",\"@id\":\"https:\/\/rectificadoscuevas.com\/?page_id=123#breadcrumb\",\"itemListElement\":[{\"@type\":\"ListItem\",\"position\":1,\"name\":\"Portada\",\"item\":\"https:\/\/rectificadoscuevas.com\/\"},{\"@type\":\"ListItem\",\"position\":2,\"name\":\"Laboratorio di\u00e9sel\"}]},{\"@type\":\"WebSite\",\"@id\":\"https:\/\/rectificadoscuevas.com\/#website\",\"url\":\"https:\/\/rectificadoscuevas.com\/\",\"name\":\"Rectificados Cuevas\",\"description\":\"Motores gasolina y diesel. Recambio y rectificado de motores\",\"publisher\":{\"@id\":\"https:\/\/rectificadoscuevas.com\/#organization\"},\"potentialAction\":[{\"@type\":\"SearchAction\",\"target\":{\"@type\":\"EntryPoint\",\"urlTemplate\":\"https:\/\/rectificadoscuevas.com\/?s={search_term_string}\"},\"query-input\":\"required name=search_term_string\"}],\"inLanguage\":\"es\"},{\"@type\":\"Organization\",\"@id\":\"https:\/\/rectificadoscuevas.com\/#organization\",\"name\":\"Rectificados Cuevas SLU\",\"url\":\"https:\/\/rectificadoscuevas.com\/\",\"logo\":{\"@type\":\"ImageObject\",\"inLanguage\":\"es\",\"@id\":\"https:\/\/rectificadoscuevas.com\/#\/schema\/logo\/image\/\",\"url\":\"https:\/\/rectificadoscuevas.com\/wp-content\/uploads\/2023\/04\/logocuevas.jpg\",\"contentUrl\":\"https:\/\/rectificadoscuevas.com\/wp-content\/uploads\/2023\/04\/logocuevas.jpg\",\"width\":719,\"height\":221,\"caption\":\"Rectificados Cuevas SLU\"},\"image\":{\"@id\":\"https:\/\/rectificadoscuevas.com\/#\/schema\/logo\/image\/\"}}]}<\/script>\n<!-- \/ Yoast SEO plugin. -->","yoast_head_json":{"title":"Laboratorio di\u00e9sel - Rectificados Cuevas","robots":{"index":"index","follow":"follow","max-snippet":"max-snippet:-1","max-image-preview":"max-image-preview:large","max-video-preview":"max-video-preview:-1"},"canonical":"https:\/\/rectificadoscuevas.com\/?page_id=123","og_locale":"es_ES","og_type":"article","og_title":"Laboratorio di\u00e9sel - Rectificados Cuevas","og_description":"Servicios Inyecci\u00f3n di\u00e9sel para todo tipo de motores.","og_url":"https:\/\/rectificadoscuevas.com\/?page_id=123","og_site_name":"Rectificados Cuevas","article_modified_time":"2024-04-11T08:08:34+00:00","og_image":[{"url":"https:\/\/rectificadoscuevas.com\/wp-content\/uploads\/2021\/01\/Diesel1-1024x675.png"}],"twitter_card":"summary_large_image","twitter_misc":{"Tiempo de lectura":"2 minutos"},"schema":{"@context":"https:\/\/schema.org","@graph":[{"@type":"WebPage","@id":"https:\/\/rectificadoscuevas.com\/?page_id=123","url":"https:\/\/rectificadoscuevas.com\/?page_id=123","name":"Laboratorio di\u00e9sel - Rectificados Cuevas","isPartOf":{"@id":"https:\/\/rectificadoscuevas.com\/#website"},"primaryImageOfPage":{"@id":"https:\/\/rectificadoscuevas.com\/?page_id=123#primaryimage"},"image":{"@id":"https:\/\/rectificadoscuevas.com\/?page_id=123#primaryimage"},"thumbnailUrl":"https:\/\/rectificadoscuevas.com\/wp-content\/uploads\/2021\/01\/Diesel1-1024x675.png","datePublished":"2023-04-12T19:38:41+00:00","dateModified":"2024-04-11T08:08:34+00:00","breadcrumb":{"@id":"https:\/\/rectificadoscuevas.com\/?page_id=123#breadcrumb"},"inLanguage":"es","potentialAction":[{"@type":"ReadAction","target":["https:\/\/rectificadoscuevas.com\/?page_id=123"]}]},{"@type":"ImageObject","inLanguage":"es","@id":"https:\/\/rectificadoscuevas.com\/?page_id=123#primaryimage","url":"https:\/\/rectificadoscuevas.com\/wp-content\/uploads\/2021\/01\/Diesel1.png","contentUrl":"https:\/\/rectificadoscuevas.com\/wp-content\/uploads\/2021\/01\/Diesel1.png","width":1080,"height":712},{"@type":"BreadcrumbList","@id":"https:\/\/rectificadoscuevas.com\/?page_id=123#breadcrumb","itemListElement":[{"@type":"ListItem","position":1,"name":"Portada","item":"https:\/\/rectificadoscuevas.com\/"},{"@type":"ListItem","position":2,"name":"Laboratorio di\u00e9sel"}]},{"@type":"WebSite","@id":"https:\/\/rectificadoscuevas.com\/#website","url":"https:\/\/rectificadoscuevas.com\/","name":"Rectificados Cuevas","description":"Motores gasolina y diesel. Recambio y rectificado de motores","publisher":{"@id":"https:\/\/rectificadoscuevas.com\/#organization"},"potentialAction":[{"@type":"SearchAction","target":{"@type":"EntryPoint","urlTemplate":"https:\/\/rectificadoscuevas.com\/?s={search_term_string}"},"query-input":"required name=search_term_string"}],"inLanguage":"es"},{"@type":"Organization","@id":"https:\/\/rectificadoscuevas.com\/#organization","name":"Rectificados Cuevas SLU","url":"https:\/\/rectificadoscuevas.com\/","logo":{"@type":"ImageObject","inLanguage":"es","@id":"https:\/\/rectificadoscuevas.com\/#\/schema\/logo\/image\/","url":"https:\/\/rectificadoscuevas.com\/wp-content\/uploads\/2023\/04\/logocuevas.jpg","contentUrl":"https:\/\/rectificadoscuevas.com\/wp-content\/uploads\/2023\/04\/logocuevas.jpg","width":719,"height":221,"caption":"Rectificados Cuevas SLU"},"image":{"@id":"https:\/\/rectificadoscuevas.com\/#\/schema\/logo\/image\/"}}]}},"jetpack_sharing_enabled":true,"_links":{"self":[{"href":"https:\/\/rectificadoscuevas.com\/index.php?rest_route=\/wp\/v2\/pages\/123","targetHints":{"allow":["GET"]}}],"collection":[{"href":"https:\/\/rectificadoscuevas.com\/index.php?rest_route=\/wp\/v2\/pages"}],"about":[{"href":"https:\/\/rectificadoscuevas.com\/index.php?rest_route=\/wp\/v2\/types\/page"}],"author":[{"embeddable":true,"href":"https:\/\/rectificadoscuevas.com\/index.php?rest_route=\/wp\/v2\/users\/2"}],"replies":[{"embeddable":true,"href":"https:\/\/rectificadoscuevas.com\/index.php?rest_route=%2Fwp%2Fv2%2Fcomments&post=123"}],"version-history":[{"count":4,"href":"https:\/\/rectificadoscuevas.com\/index.php?rest_route=\/wp\/v2\/pages\/123\/revisions"}],"predecessor-version":[{"id":452,"href":"https:\/\/rectificadoscuevas.com\/index.php?rest_route=\/wp\/v2\/pages\/123\/revisions\/452"}],"wp:attachment":[{"href":"https:\/\/rectificadoscuevas.com\/index.php?rest_route=%2Fwp%2Fv2%2Fmedia&parent=123"}],"curies":[{"name":"wp","href":"https:\/\/api.w.org\/{rel}","templated":true}]}}