{"id":127,"date":"2023-04-12T21:39:37","date_gmt":"2023-04-12T19:39:37","guid":{"rendered":"https:\/\/rectificadoscuevas.com\/?page_id=127"},"modified":"2024-04-11T10:37:34","modified_gmt":"2024-04-11T08:37:34","slug":"trabajos-sobre-vehiculos","status":"publish","type":"page","link":"https:\/\/rectificadoscuevas.com\/?page_id=127","title":{"rendered":"Trabajos sobre veh\u00edculos"},"content":{"rendered":"\n<div style=\"height:50px\" aria-hidden=\"true\" class=\"wp-block-spacer\"><\/div>\n\n\n\n<h2 class=\"wp-block-heading has-text-align-center has-black-color has-text-color has-link-color has-large-font-size wp-elements-1e7c546c50dde80e46f4f9f1f944ed69\">Pruebas y mantenimiento de los motores<\/h2>\n\n\n\n<hr class=\"wp-block-separator has-alpha-channel-opacity\"\/>\n\n\n\n<ul class=\"wp-block-list\">\n<li style=\"font-size:26px\">El motor tras previamente haber sido reparado se pone a prueba.<\/li>\n\n\n\n<li style=\"font-size:26px\">Se comprueba el rendimiento y se hacen pruebas para detectar posibles fallos.<\/li>\n\n\n\n<li style=\"font-size:26px\">Tras las comprobaciones se monta el motor en el veh\u00edculo correspondiente.<\/li>\n\n\n\n<li style=\"font-size:26px\">Contamos con empleados en formaci\u00f3n constante los cuales, gracias a dicha formaci\u00f3n, est\u00e1n completamente capacitados para la resoluci\u00f3n de cualquier problema que se les plantease.<\/li>\n<\/ul>\n\n\n\n<hr class=\"wp-block-separator has-alpha-channel-opacity\"\/>\n\n\n\n<div class=\"wp-block-columns is-layout-flex wp-container-core-columns-is-layout-9d6595d7 wp-block-columns-is-layout-flex\">\n<div class=\"wp-block-column is-layout-flow wp-block-column-is-layout-flow\"><div class=\"wp-block-image\">\n<figure class=\"aligncenter size-full is-resized\"><img loading=\"lazy\" decoding=\"async\" width=\"300\" height=\"225\" src=\"https:\/\/rectificadoscuevas.com\/wp-content\/uploads\/2021\/01\/34_Ordenador.png\" alt=\"\" class=\"wp-image-55\" style=\"aspect-ratio:1;object-fit:cover;width:300px\"\/><\/figure>\n<\/div><\/div>\n\n\n\n<div class=\"wp-block-column is-layout-flow wp-block-column-is-layout-flow\">\n<figure class=\"wp-block-image size-full is-resized\"><img loading=\"lazy\" decoding=\"async\" width=\"300\" height=\"162\" src=\"https:\/\/rectificadoscuevas.com\/wp-content\/uploads\/2021\/01\/servman.png\" alt=\"\" class=\"wp-image-83\" style=\"aspect-ratio:1;object-fit:cover;width:300px\"\/><\/figure>\n<\/div>\n<\/div>\n","protected":false},"excerpt":{"rendered":"<p>Pruebas y mantenimiento de los motores<\/p>\n","protected":false},"author":2,"featured_media":0,"parent":0,"menu_order":0,"comment_status":"closed","ping_status":"closed","template":"","meta":{"_regular_price":[],"currency_symbol":[],"om_disable_all_campaigns":false,"_monsterinsights_skip_tracking":false,"_monsterinsights_sitenote_active":false,"_monsterinsights_sitenote_note":"","_monsterinsights_sitenote_category":0,"footnotes":""},"class_list":["post-127","page","type-page","status-publish","hentry"],"post_slider_layout_featured_media_urls":{"thumbnail":"","post_slider_layout_landscape_large":"","post_slider_layout_portrait_large":"","post_slider_layout_square_large":"","post_slider_layout_landscape":"","post_slider_layout_portrait":"","post_slider_layout_square":"","full":""},"yoast_head":"<!-- This site is optimized with the Yoast SEO plugin v22.5 - https:\/\/yoast.com\/wordpress\/plugins\/seo\/ -->\n<title>Trabajos sobre veh\u00edculos - Rectificados Cuevas<\/title>\n<meta name=\"robots\" content=\"index, follow, max-snippet:-1, max-image-preview:large, max-video-preview:-1\" \/>\n<link rel=\"canonical\" href=\"https:\/\/rectificadoscuevas.com\/?page_id=127\" \/>\n<meta property=\"og:locale\" content=\"es_ES\" \/>\n<meta property=\"og:type\" content=\"article\" \/>\n<meta property=\"og:title\" content=\"Trabajos sobre veh\u00edculos - Rectificados Cuevas\" \/>\n<meta property=\"og:description\" content=\"Pruebas y mantenimiento de los motores\" \/>\n<meta property=\"og:url\" content=\"https:\/\/rectificadoscuevas.com\/?page_id=127\" \/>\n<meta property=\"og:site_name\" content=\"Rectificados Cuevas\" \/>\n<meta property=\"article:modified_time\" content=\"2024-04-11T08:37:34+00:00\" \/>\n<meta property=\"og:image\" content=\"https:\/\/rectificadoscuevas.com\/wp-content\/uploads\/2021\/01\/34_Ordenador.png\" \/>\n<meta name=\"twitter:card\" content=\"summary_large_image\" \/>\n<meta name=\"twitter:label1\" content=\"Tiempo de lectura\" \/>\n\t<meta name=\"twitter:data1\" content=\"1 minuto\" \/>\n<script type=\"application\/ld+json\" class=\"yoast-schema-graph\">{\"@context\":\"https:\/\/schema.org\",\"@graph\":[{\"@type\":\"WebPage\",\"@id\":\"https:\/\/rectificadoscuevas.com\/?page_id=127\",\"url\":\"https:\/\/rectificadoscuevas.com\/?page_id=127\",\"name\":\"Trabajos sobre veh\u00edculos - Rectificados Cuevas\",\"isPartOf\":{\"@id\":\"https:\/\/rectificadoscuevas.com\/#website\"},\"primaryImageOfPage\":{\"@id\":\"https:\/\/rectificadoscuevas.com\/?page_id=127#primaryimage\"},\"image\":{\"@id\":\"https:\/\/rectificadoscuevas.com\/?page_id=127#primaryimage\"},\"thumbnailUrl\":\"https:\/\/rectificadoscuevas.com\/wp-content\/uploads\/2021\/01\/34_Ordenador.png\",\"datePublished\":\"2023-04-12T19:39:37+00:00\",\"dateModified\":\"2024-04-11T08:37:34+00:00\",\"breadcrumb\":{\"@id\":\"https:\/\/rectificadoscuevas.com\/?page_id=127#breadcrumb\"},\"inLanguage\":\"es\",\"potentialAction\":[{\"@type\":\"ReadAction\",\"target\":[\"https:\/\/rectificadoscuevas.com\/?page_id=127\"]}]},{\"@type\":\"ImageObject\",\"inLanguage\":\"es\",\"@id\":\"https:\/\/rectificadoscuevas.com\/?page_id=127#primaryimage\",\"url\":\"https:\/\/rectificadoscuevas.com\/wp-content\/uploads\/2021\/01\/34_Ordenador.png\",\"contentUrl\":\"https:\/\/rectificadoscuevas.com\/wp-content\/uploads\/2021\/01\/34_Ordenador.png\",\"width\":300,\"height\":225},{\"@type\":\"BreadcrumbList\",\"@id\":\"https:\/\/rectificadoscuevas.com\/?page_id=127#breadcrumb\",\"itemListElement\":[{\"@type\":\"ListItem\",\"position\":1,\"name\":\"Portada\",\"item\":\"https:\/\/rectificadoscuevas.com\/\"},{\"@type\":\"ListItem\",\"position\":2,\"name\":\"Trabajos sobre veh\u00edculos\"}]},{\"@type\":\"WebSite\",\"@id\":\"https:\/\/rectificadoscuevas.com\/#website\",\"url\":\"https:\/\/rectificadoscuevas.com\/\",\"name\":\"Rectificados Cuevas\",\"description\":\"Motores gasolina y diesel. Recambio y rectificado de motores\",\"publisher\":{\"@id\":\"https:\/\/rectificadoscuevas.com\/#organization\"},\"potentialAction\":[{\"@type\":\"SearchAction\",\"target\":{\"@type\":\"EntryPoint\",\"urlTemplate\":\"https:\/\/rectificadoscuevas.com\/?s={search_term_string}\"},\"query-input\":\"required name=search_term_string\"}],\"inLanguage\":\"es\"},{\"@type\":\"Organization\",\"@id\":\"https:\/\/rectificadoscuevas.com\/#organization\",\"name\":\"Rectificados Cuevas SLU\",\"url\":\"https:\/\/rectificadoscuevas.com\/\",\"logo\":{\"@type\":\"ImageObject\",\"inLanguage\":\"es\",\"@id\":\"https:\/\/rectificadoscuevas.com\/#\/schema\/logo\/image\/\",\"url\":\"https:\/\/rectificadoscuevas.com\/wp-content\/uploads\/2023\/04\/logocuevas.jpg\",\"contentUrl\":\"https:\/\/rectificadoscuevas.com\/wp-content\/uploads\/2023\/04\/logocuevas.jpg\",\"width\":719,\"height\":221,\"caption\":\"Rectificados Cuevas SLU\"},\"image\":{\"@id\":\"https:\/\/rectificadoscuevas.com\/#\/schema\/logo\/image\/\"}}]}<\/script>\n<!-- \/ Yoast SEO plugin. -->","yoast_head_json":{"title":"Trabajos sobre veh\u00edculos - Rectificados Cuevas","robots":{"index":"index","follow":"follow","max-snippet":"max-snippet:-1","max-image-preview":"max-image-preview:large","max-video-preview":"max-video-preview:-1"},"canonical":"https:\/\/rectificadoscuevas.com\/?page_id=127","og_locale":"es_ES","og_type":"article","og_title":"Trabajos sobre veh\u00edculos - Rectificados Cuevas","og_description":"Pruebas y mantenimiento de los motores","og_url":"https:\/\/rectificadoscuevas.com\/?page_id=127","og_site_name":"Rectificados Cuevas","article_modified_time":"2024-04-11T08:37:34+00:00","og_image":[{"url":"https:\/\/rectificadoscuevas.com\/wp-content\/uploads\/2021\/01\/34_Ordenador.png"}],"twitter_card":"summary_large_image","twitter_misc":{"Tiempo de lectura":"1 minuto"},"schema":{"@context":"https:\/\/schema.org","@graph":[{"@type":"WebPage","@id":"https:\/\/rectificadoscuevas.com\/?page_id=127","url":"https:\/\/rectificadoscuevas.com\/?page_id=127","name":"Trabajos sobre veh\u00edculos - Rectificados Cuevas","isPartOf":{"@id":"https:\/\/rectificadoscuevas.com\/#website"},"primaryImageOfPage":{"@id":"https:\/\/rectificadoscuevas.com\/?page_id=127#primaryimage"},"image":{"@id":"https:\/\/rectificadoscuevas.com\/?page_id=127#primaryimage"},"thumbnailUrl":"https:\/\/rectificadoscuevas.com\/wp-content\/uploads\/2021\/01\/34_Ordenador.png","datePublished":"2023-04-12T19:39:37+00:00","dateModified":"2024-04-11T08:37:34+00:00","breadcrumb":{"@id":"https:\/\/rectificadoscuevas.com\/?page_id=127#breadcrumb"},"inLanguage":"es","potentialAction":[{"@type":"ReadAction","target":["https:\/\/rectificadoscuevas.com\/?page_id=127"]}]},{"@type":"ImageObject","inLanguage":"es","@id":"https:\/\/rectificadoscuevas.com\/?page_id=127#primaryimage","url":"https:\/\/rectificadoscuevas.com\/wp-content\/uploads\/2021\/01\/34_Ordenador.png","contentUrl":"https:\/\/rectificadoscuevas.com\/wp-content\/uploads\/2021\/01\/34_Ordenador.png","width":300,"height":225},{"@type":"BreadcrumbList","@id":"https:\/\/rectificadoscuevas.com\/?page_id=127#breadcrumb","itemListElement":[{"@type":"ListItem","position":1,"name":"Portada","item":"https:\/\/rectificadoscuevas.com\/"},{"@type":"ListItem","position":2,"name":"Trabajos sobre veh\u00edculos"}]},{"@type":"WebSite","@id":"https:\/\/rectificadoscuevas.com\/#website","url":"https:\/\/rectificadoscuevas.com\/","name":"Rectificados Cuevas","description":"Motores gasolina y diesel. Recambio y rectificado de motores","publisher":{"@id":"https:\/\/rectificadoscuevas.com\/#organization"},"potentialAction":[{"@type":"SearchAction","target":{"@type":"EntryPoint","urlTemplate":"https:\/\/rectificadoscuevas.com\/?s={search_term_string}"},"query-input":"required name=search_term_string"}],"inLanguage":"es"},{"@type":"Organization","@id":"https:\/\/rectificadoscuevas.com\/#organization","name":"Rectificados Cuevas SLU","url":"https:\/\/rectificadoscuevas.com\/","logo":{"@type":"ImageObject","inLanguage":"es","@id":"https:\/\/rectificadoscuevas.com\/#\/schema\/logo\/image\/","url":"https:\/\/rectificadoscuevas.com\/wp-content\/uploads\/2023\/04\/logocuevas.jpg","contentUrl":"https:\/\/rectificadoscuevas.com\/wp-content\/uploads\/2023\/04\/logocuevas.jpg","width":719,"height":221,"caption":"Rectificados Cuevas SLU"},"image":{"@id":"https:\/\/rectificadoscuevas.com\/#\/schema\/logo\/image\/"}}]}},"jetpack_sharing_enabled":true,"_links":{"self":[{"href":"https:\/\/rectificadoscuevas.com\/index.php?rest_route=\/wp\/v2\/pages\/127","targetHints":{"allow":["GET"]}}],"collection":[{"href":"https:\/\/rectificadoscuevas.com\/index.php?rest_route=\/wp\/v2\/pages"}],"about":[{"href":"https:\/\/rectificadoscuevas.com\/index.php?rest_route=\/wp\/v2\/types\/page"}],"author":[{"embeddable":true,"href":"https:\/\/rectificadoscuevas.com\/index.php?rest_route=\/wp\/v2\/users\/2"}],"replies":[{"embeddable":true,"href":"https:\/\/rectificadoscuevas.com\/index.php?rest_route=%2Fwp%2Fv2%2Fcomments&post=127"}],"version-history":[{"count":4,"href":"https:\/\/rectificadoscuevas.com\/index.php?rest_route=\/wp\/v2\/pages\/127\/revisions"}],"predecessor-version":[{"id":463,"href":"https:\/\/rectificadoscuevas.com\/index.php?rest_route=\/wp\/v2\/pages\/127\/revisions\/463"}],"wp:attachment":[{"href":"https:\/\/rectificadoscuevas.com\/index.php?rest_route=%2Fwp%2Fv2%2Fmedia&parent=127"}],"curies":[{"name":"wp","href":"https:\/\/api.w.org\/{rel}","templated":true}]}}