{"id":161,"date":"2023-04-12T22:23:02","date_gmt":"2023-04-12T20:23:02","guid":{"rendered":"https:\/\/rectificadoscuevas.com\/?page_id=161"},"modified":"2024-08-21T11:26:45","modified_gmt":"2024-08-21T09:26:45","slug":"politica-de-privacidad","status":"publish","type":"page","link":"https:\/\/rectificadoscuevas.com\/?page_id=161","title":{"rendered":"Pol\u00edtica de privacidad"},"content":{"rendered":"\n<p>El Titular le informa sobre su Pol\u00edtica de Privacidad respecto del tratamiento y protecci\u00f3n de los datos de car\u00e1cter personal de los usuarios  que puedan ser recabados durante la navegaci\u00f3n a trav\u00e9s del Sitio Web: <a href=\"\">https:\/\/www.rectificadoscuevas.com<\/a>\n<\/p>\n\n<p>\n\tEn este sentido, el Titular garantiza el cumplimiento de la normativa vigente en materia de protecci\u00f3n de datos personales, reflejada en la Ley Org\u00e1nica 3\/2018, de 5 de diciembre, de Protecci\u00f3n de Datos Personales y de Garant\u00eda de Derechos Digitales (LOPD GDD). Cumple tambi\u00e9n con el Reglamento (UE) 2016\/679 del Parlamento Europeo y del Consejo de 27 de abril de 2016 relativo a la protecci\u00f3n de las personas f\u00edsicas (RGPD).\n<\/p>\n\n<p>\n\tEl uso de sitio Web implica la aceptaci\u00f3n de esta Pol\u00edtica de Privacidad&nbsp;as\u00ed como las condiciones incluidas en el &nbsp;<a href=\"https:\/\/rectificadoscuevas.com\/?page_id=174\">Aviso Legal<\/a>.\n<\/p>\n\n<h2>Identidad del Responsable<\/h2>\n<p>\n  <ul>    \n    <li>\n      <b>Responsable:<\/b>&nbsp;   \n      Rectificados Cuevas S.L.U..\n      \n    <\/li>\n    \n    <li>\n      <b>NIF:<\/b>&nbsp;B09333147\n      \n    <\/li>\n\n\n    <li>\n      <b>Domicilio:<\/b>&nbsp;\n       C\/ Merindad de Cuesta Urr\u00eda 14,  Burgos - Espa\u00f1a.\n    <\/li>\n    \n    <li>\n      <b>Correo electr\u00f3nico:<\/b>&nbsp;\n      rectificadoscuevas@gmail.com\n    <\/li>\n    \n\n    <li>\n      <b>Sitio Web:<\/b>&nbsp;\n      <a href=\"\">https:\/\/www.rectificadoscuevas.com<\/a>\n    <\/li>\n  <\/ul>\n<\/p>\n\n\n<h2>Principios aplicados en el tratamiento de datos<\/h2>\n<p>\n\tEn el tratamiento de sus datos personales, el Titular aplicar\u00e1 los siguientes principios que se ajustan a las exigencias del nuevo reglamento europeo de protecci\u00f3n de datos (RGPD):\n<\/p>\n\n<p>\n  <ul>\n    <li>\n      Principio de licitud, lealtad y transparencia: El Titular siempre requerir\u00e1 el consentimiento para el tratamiento de los datos personales que puede ser para uno o varios fines espec\u00edficos sobre los que el Titular informar\u00e1 al Usuario previamente con absoluta transparencia.\n    <\/li>\n    <li>\n      Principio de minimizaci\u00f3n de datos: El Titular solicitar\u00e1 solo los datos estrictamente necesarios para el fin o los fines que los solicita.\n    <\/li> \n    <li>\n      Principio de limitaci\u00f3n del plazo de conservaci\u00f3n: El Titular mantendr\u00e1 los datos personales recabados durante el tiempo estrictamente necesario para el fin o los fines del tratamiento. El Titular informar\u00e1 al Usuario del plazo de conservaci\u00f3n correspondiente seg\u00fan la finalidad.\n      <br>En el caso de suscripciones, el Titular revisar\u00e1 peri\u00f3dicamente las listas y eliminar\u00e1 aquellos registros inactivos durante un tiempo considerable.\n    <\/li>\n    <li>\n      Principio de integridad y confidencialidad: Los datos personales recabados ser\u00e1n tratados de tal manera que su seguridad, confidencialidad e integridad est\u00e1 garantizada.\n      <br>El Titular toma las precauciones necesarias para evitar el acceso no autorizado o uso indebido de los datos de sus usuarios por parte de terceros.\n    <\/li>\n  <\/ul>\n<\/p>\n\n<h2>Obtenci\u00f3n de datos personales<\/h2>\n<p>\n  Para navegar por el sitio Web no es necesario que facilite ning\u00fan dato personal.\n<\/p>\n\n\n<h2>Derechos<\/h2>\n<p>\n  El Titular le informa que sobre sus datos personales tiene derecho a:\n<\/p>\n<p>\n  <ul>\n    <li>Solicitar el acceso a los datos almacenados.<\/li>\n    <li>Solicitar una rectificaci\u00f3n o la supresi\u00f3n.<\/li>\n    <li>Solicitar la limitaci\u00f3n de su tratamiento.<\/li>\n    <li>Oponerse al tratamiento.<\/li>\n  <\/ul>\n<\/p>\n<p>\n  No puede ejercitar el derecho a la portabilidad de los datos.\n<\/p>\n\n<p>\n  El ejercicio de estos derechos es personal y por tanto debe ser ejercido directamente por el interesado, solicit\u00e1ndolo directamente al Titular, lo que significa que cualquier cliente, suscriptor o colaborador que haya facilitado sus datos en alg\u00fan momento, puede dirigirse al Titular y pedir informaci\u00f3n sobre los datos que tiene almacenados y c\u00f3mo los ha obtenido, solicitar la rectificaci\u00f3n de los mismos, oponerse al tratamiento, limitar su uso o solicitar la supresi\u00f3n de esos datos en los ficheros del Titular.\n<\/p>\n\n<p>  \n  Para ejercitar sus derechos tiene que enviar su petici\u00f3n junto con una fotocopia del Documento Nacional de Identidad o equivalente a&nbsp;\n  la direcci\u00f3n de correo electr\u00f3nico:&nbsprectificadoscuevas@gmail.com\n<\/p>\n\n<p>\n  El ejercicio de estos derechos no incluye ning\u00fan dato que el Titular est\u00e9 obligado a conservar con fines administrativos, legales o de seguridad.\n<\/p>\n\n<p>\n  Tiene derecho a la tutela judicial efectiva y a presentar una reclamaci\u00f3n ante la autoridad de control, en este caso, la Agencia Espa\u00f1ola de Protecci\u00f3n de Datos, si considera que el tratamiento de datos personales que le conciernen infringe el Reglamento.\n<\/p>\n\n<h2 id=\"finalidad-del-tratamiento-de-datos-personales\">Finalidad del tratamiento de datos personales<\/h2>\n<p>\n  Cuando usted se conecta al Sitio Web para mandar un correo al Titular, se suscribe a su bolet\u00edn  est\u00e1 facilitando informaci\u00f3n de car\u00e1cter personal de la que el responsable es el Titular. Esta informaci\u00f3n puede incluir datos de car\u00e1cter personal como pueden ser su direcci\u00f3n IP, nombre y apellidos, direcci\u00f3n f\u00edsica, direcci\u00f3n de correo electr\u00f3nico, n\u00famero de tel\u00e9fono, y otra informaci\u00f3n. Al facilitar esta informaci\u00f3n, da su consentimiento para que su informaci\u00f3n sea recopilada, utilizada, gestionada y almacenada por \n  \n  &mdash;\n  Trascasa.net\n  \n  &mdash;\n    s\u00f3lo como se describe en las p\u00e1ginas:\n    <ul>\n      <li><a href=\"https:\/\/rectificadoscuevas.com\/?page_id=174\">Aviso Legal<\/a><\/li>\n      <li><a href=\"https:\/\/rectificadoscuevas.com\/?page_id=161\">Pol\u00edtica de Privacidad<\/a><\/li>\n    <\/ul>\n<\/p>\n<p>\n  Los datos personales y la finalidad del tratamiento por parte del Titular es diferente seg\u00fan el sistema de captura de informaci\u00f3n:\n<\/p>\n<p>\n  <ul>    \n  <\/ul> \n<\/p>\n<p>   \n  Existen otras finalidades por las que el Titular trata datos personales:\n<\/p>\n<p>\n  <ul>\n    <li>\n      Para garantizar el cumplimiento de las condiciones recogidas en la p\u00e1gina de Aviso Legal y de  la ley aplicable. Esto puede incluir el desarrollo de herramientas y algoritmos que ayuden al Sitio Web a garantizar la confidencialidad de los datos personales que recoge.\n    <\/li>\n    <li>\n      Para apoyar y mejorar los servicios que ofrece este Sitio Web.\n    <\/li>\n    <li>\n      Para analizar la navegaci\u00f3n de los usuarios. El Titular recoge otros datos no identificativos que se obtienen mediante el uso de cookies que se descargan en el ordenador del Usuario cuando navega por el Sitio Web cuyas caracter\u00edsticas y finalidad est\u00e1n detalladas en la p\u00e1gina de  <a href=\"https:\/\/rectificadoscuevas.com\/?page_id=175\">Pol\u00edtica de Cookies<\/a>.\n    <\/li>\n  <\/ul>\n<\/p>\n\n\n<h2>Seguridad de los datos personales<\/h2>\n<p>\n  Para proteger sus datos personales, el Titular toma todas las precauciones razonables y sigue las mejores pr\u00e1cticas de la industria para evitar su p\u00e9rdida, mal uso, acceso indebido, divulgaci\u00f3n, alteraci\u00f3n o destrucci\u00f3n de los mismos.\n<\/p>\n  <p>\n    El sitio Web est\u00e1 alojado en:  Trascasa.net. La seguridad de los datos est\u00e1 garantizada, ya que toman todas las medidas de seguridad necesarias para ello. Puede consultar su pol\u00edtica de privacidad para tener m\u00e1s informaci\u00f3n.\n  <\/p>\n\n\n  <p>\n    El Titular informa al Usuario de que sus datos personales no ser\u00e1n cedidos a terceras organizaciones, con la salvedad de que dicha cesi\u00f3n de datos est\u00e9 amparada en una obligaci\u00f3n legal o cuando la prestaci\u00f3n de un servicio implique la necesidad de una relaci\u00f3n contractual con un encargado de tratamiento. En este \u00faltimo caso, solo se llevar\u00e1 a cabo la cesi\u00f3n de datos al tercero cuando el Titular disponga del consentimiento expreso del Usuario.\n  <\/p>\n  <p>\n    Sin embargo, en algunos casos se pueden realizar colaboraciones con otros profesionales, en esos casos, se requerir\u00e1 consentimiento al Usuario informando sobre la identidad del colaborador y la finalidad de la colaboraci\u00f3n. Siempre se realizar\u00e1 con los m\u00e1s estrictos est\u00e1ndares de seguridad.\n  <\/p>\n\n\n<h2>Contenido de otros sitios web<\/h2>\n<p>\n  Las p\u00e1ginas de este sitio Web pueden incluir contenido incrustado (por ejemplo, v\u00eddeos, im\u00e1genes, art\u00edculos, etc.). El contenido incrustado de otras web se comporta exactamente de la misma manera que si hubiera visitado la otra web.\n<\/p>\n<p>\n  Estos sitios Web pueden recopilar datos sobre usted, utilizar cookies, incrustar un c\u00f3digo de seguimiento adicional de terceros, y supervisar su interacci\u00f3n usando este c\u00f3digo.\n<\/p>\n\n\n<h2>Pol\u00edtica de Cookies<\/h2>\n<p>\n  Para que este sitio Web funcione correctamente necesita utilizar cookies, que es una informaci\u00f3n que se almacena en su navegador web. \n  \n  <p>\n    Puede consultar toda la informaci\u00f3n relativa a la pol\u00edtica de recogida y tratamiento de las cookies en la p\u00e1gina de  <a href=\"https:\/\/rectificadoscuevas.com\/?page_id=175\">Pol\u00edtica de Cookies<\/a>.\n  <\/p>\n<\/p>\n\n\n\n<h2>Legitimaci\u00f3n para el tratamiento de datos<\/h2>\n<p>\n  La base legal para el tratamiento de sus datos es:\n  <ul>\n    <li>\n      El consentimiento del interesado.\n    <\/li> \n  <\/ul>\n<\/p>\n\n\n<h2>Categor\u00edas de datos personales<\/h2>\n<p>\n  Las categor\u00edas de datos personales que trata el Titular son:\n<\/p>\n<p>\n  <ul>    \n    <li>Datos identificativos.<\/li>\n    <li>No se tratan categor\u00edas de datos especialmente protegidos.<\/li>\n  <\/ul>\n<\/p>\n\n\n<h2>Conservaci\u00f3n de datos personales<\/h2>\n<p>  \n  Los datos personales proporcionados al Titular se conservar\u00e1n hasta que solicite su supresi\u00f3n.\n<\/p>\n\n\n<div id=\"destinatarios\">\n<p>\n  <ul>  \n  <\/ul>\n<\/p>\n<\/div>\n\n\n\n<h2>Navegaci\u00f3n Web<\/h2>\n<p>\n  Al navegar por el Sitio Web se pueden recoger datos no identificativos, que pueden incluir, la direcci\u00f3n IP, geolocalizaci\u00f3n, un registro de c\u00f3mo se utilizan los servicios y sitios, h\u00e1bitos de navegaci\u00f3n y otros datos que no pueden ser utilizados para identificarle.\n<\/p>\n\n<p>\n  El sitio Web utiliza los siguientes servicios de an\u00e1lisis de terceros:\n<\/p>\n\n<p>\n  <ul>\n    \n    \n    \n  <\/ul>\n<\/p>\n<p>\n  El Titular utiliza la informaci\u00f3n obtenida para obtener datos estad\u00edsticos, analizar tendencias, administrar el sitio, estudiar patrones de navegaci\u00f3n y para recopilar informaci\u00f3n demogr\u00e1fica.\n<\/p>\n<p>\n  El Titular no se hace responsable del tratamiento de los datos personales que realicen las p\u00e1ginas web a las que pueda acceder a trav\u00e9s de los distintos enlaces que contiene el Sitio Web.\n<\/p>\n\n\n<h2>Exactitud y veracidad de los datos personales<\/h2>\n<p>\n  Usted se compromete a que los datos facilitados al Titular sean correctos, completos, exactos y vigentes, as\u00ed como a mantenerlos debidamente actualizados.\n<\/p>\n<p>\n  Como Usuario del Sitio Web es el \u00fanico responsable de la veracidad y correcci\u00f3n de los datos remitidos al Sitio Web exonerando al Titular de cualquier responsabilidad al respecto.\n<\/p>\n\n\n<h2>Aceptaci\u00f3n y consentimiento<\/h2>\n<p> \n  Como Usuario del Sitio Web declara haber sido informado de las condiciones sobre protecci\u00f3n de datos de car\u00e1cter personal, acepta y consiente el tratamiento de los mismos por parte del Titular en la forma y para las finalidades indicadas en esta Pol\u00edtica de Privacidad.\n<\/p>\n<p>\n  Para contactar con el Titular, suscribirse a un bolet\u00edn o realizar comentarios en este sitio Web tiene que aceptar la presente Pol\u00edtica de Privacidad.\n<\/p>\n\n\n<h2>Cambios en la Pol\u00edtica de Privacidad<\/h2>\n<p>\n  El Titular se reserva el derecho a modificar la presente Pol\u00edtica de Privacidad para adaptarla a novedades legislativas o jurisprudenciales, as\u00ed como a pr\u00e1cticas de la industria.\n<\/p>\n<p> \n  Estas pol\u00edticas estar\u00e1n vigentes hasta que sean modificadas por otras debidamente publicadas.\n<\/p>\n\n<ol class=\"wp-block-list\">\n<li>INFORMACI\u00d3N AL USUARIO<br>\u00bfQui\u00e9n es el responsable del tratamiento de tus datos personales?<br>RECTIFICADOS CUEVAS S.L. es el RESPONSABLE del tratamiento de los datos personales del USUARIO y le<br>informa de que estos datos ser\u00e1n tratados de conformidad con lo dispuesto en el Reglamento (UE) 2016\/679, de 27 de<br>abril (GDPR), y la Ley Org\u00e1nica 3\/2018, de 5 de diciembre (LOPDGDD).<br>\u00bfPara qu\u00e9 tratamos tus datos personales y por qu\u00e9 lo hacemos?<br>Seg\u00fan el formulario donde hayamos obtenido sus datos personales, los trataremos de manera confidencial para<br>alcanzar los siguientes fines:<br>En el formulario Contacto<br>Dar respuesta a las consultas o cualquier tipo de petici\u00f3n que sea realizada por el usuario a trav\u00e9s de<br>cualquiera de las formas de contacto que se ponen a su disposici\u00f3n en la p\u00e1gina web del responsable.<br>(por el inter\u00e9s leg\u00edtimo del responsable, art. 6.1.f GDPR)<br>Realizar an\u00e1lisis estad\u00edsticos y estudios de mercado.<br>(por el inter\u00e9s leg\u00edtimo del responsable, art. 6.1.f GDPR)<br>\u00bfDurante cu\u00e1nto tiempo guardaremos tus datos personales?<br>Se conservar\u00e1n durante no m\u00e1s tiempo del necesario para mantener el fin del tratamiento o existan prescripciones<br>legales que dictaminen su custodia y cuando ya no sea necesario para ello, se suprimir\u00e1n con medidas de seguridad<br>adecuadas para garantizar la anonimizaci\u00f3n de los datos o la destrucci\u00f3n total de los mismos.<br>\u00bfA qui\u00e9n facilitamos tus datos personales?<br>No est\u00e1 prevista ninguna comunicaci\u00f3n de datos personales a terceros salvo, si fuese necesario para el desarrollo y<br>ejecuci\u00f3n de las finalidades del tratamiento, a nuestros proveedores de servicios relacionados con comunicaciones, con<br>los cuales el RESPONSABLE tiene suscritos los contratos de confidencialidad y de encargado de tratamiento exigidos<br>por la normativa vigente de privacidad.<br>\u00bfCu\u00e1les son tus derechos?<br>Los derechos que asisten al USUARIO son:<br>Derecho a retirar el consentimiento en cualquier momento.<br>Derecho de acceso, rectificaci\u00f3n, portabilidad y supresi\u00f3n de sus datos, y de limitaci\u00f3n u oposici\u00f3n a su<br>tratamiento.<br>Derecho a presentar una reclamaci\u00f3n ante la autoridad de control (www.aepd.es) si considera que el tratamiento<br>no se ajusta a la normativa vigente.<br>Datos de contacto para ejercer sus derechos:<br>RECTIFICADOS CUEVAS S.L.. C\/ Merindad de Cuesta Urr\u00eda , 14 &#8211; 09001 BURGOS (Burgos). E-mail:<br>rectificadoscuevas@gmail.com<\/li>\n\n\n\n<li>CAR\u00c1CTER OBLIGATORIO O FACULTATIVO DE LA INFORMACI\u00d3N FACILITADA POR EL<br>USUARIO<br>Los USUARIOS, mediante la marcaci\u00f3n de las casillas correspondientes y la entrada de datos en los campos, marcados<br>con un asterisco (*) en el formulario de contacto o presentados en formularios de descarga, aceptan expresamente y de<br>forma libre e inequ\u00edvoca, que sus datos son necesarios para atender su petici\u00f3n, por parte del prestador, siendo<br>voluntaria la inclusi\u00f3n de datos en los campos restantes. El USUARIO garantiza que los datos personales facilitados al<br>RESPONSABLE son veraces y se hace responsable de comunicar cualquier modificaci\u00f3n de los mismos.<br>El RESPONSABLE informa de que todos los datos solicitados a trav\u00e9s del sitio web son obligatorios, ya que son<br>necesarios para la prestaci\u00f3n de un servicio \u00f3ptimo al USUARIO. En caso de que no se faciliten todos los datos, no se<br>garantiza que la informaci\u00f3n y servicios facilitados sean completamente ajustados a sus necesidades.<\/li>\n\n\n\n<li>MEDIDAS DE SEGURIDAD<br>Que de conformidad con lo dispuesto en las normativas vigentes en protecci\u00f3n de datos personales, el RESPONSABLE<br>est\u00e1 cumpliendo con todas las disposiciones de las normativas GDPR y LOPDGDD para el tratamiento de los datos<br>personales de su responsabilidad, y manifiestamente con los principios descritos en el art\u00edculo 5 del GDPR, por los<br>cuales son tratados de manera l\u00edcita, leal y transparente en relaci\u00f3n con el interesado y adecuados, pertinentes y<br>limitados a lo necesario en relaci\u00f3n con los fines para los que son tratados.<br>El RESPONSABLE garantiza que ha implementado pol\u00edticas t\u00e9cnicas y organizativas apropiadas para aplicar las<br>medidas de seguridad que establecen el GDPR y la LOPDGDD con el fin de proteger los derechos y libertades de los<br>USUARIOS y les ha comunicado la informaci\u00f3n adecuada para que puedan ejercerlos.<br>Para m\u00e1s informaci\u00f3n sobre las garant\u00edas de privacidad, puedes dirigirte al RESPONSABLE a trav\u00e9s de<br>RECTIFICADOS CUEVAS S.L.. C\/ Merindad de Cuesta Urr\u00eda , 14 &#8211; 09001 BURGOS (Burgos). E-mail:<br>rectificadoscuevas@gmail.com<\/li>\n<\/ol>\n","protected":false},"excerpt":{"rendered":"<p>El Titular le informa sobre su Pol\u00edtica de Privacidad respecto del tratamiento y protecci\u00f3n de los datos de car\u00e1cter personal de los usuarios que puedan ser recabados durante la navegaci\u00f3n a trav\u00e9s del Sitio Web: https:\/\/www.rectificadoscuevas.com En este sentido, el Titular garantiza el cumplimiento de la normativa vigente en materia de protecci\u00f3n de datos personales, [&hellip;]<\/p>\n","protected":false},"author":2,"featured_media":0,"parent":0,"menu_order":0,"comment_status":"closed","ping_status":"closed","template":"","meta":{"_regular_price":[],"currency_symbol":[],"om_disable_all_campaigns":false,"_monsterinsights_skip_tracking":false,"_monsterinsights_sitenote_active":false,"_monsterinsights_sitenote_note":"","_monsterinsights_sitenote_category":0,"footnotes":""},"class_list":["post-161","page","type-page","status-publish","hentry"],"post_slider_layout_featured_media_urls":{"thumbnail":"","post_slider_layout_landscape_large":"","post_slider_layout_portrait_large":"","post_slider_layout_square_large":"","post_slider_layout_landscape":"","post_slider_layout_portrait":"","post_slider_layout_square":"","full":""},"yoast_head":"<!-- This site is optimized with the Yoast SEO plugin v22.5 - https:\/\/yoast.com\/wordpress\/plugins\/seo\/ -->\n<title>Pol\u00edtica de privacidad - Rectificados Cuevas<\/title>\n<meta name=\"robots\" content=\"index, follow, max-snippet:-1, max-image-preview:large, max-video-preview:-1\" \/>\n<link rel=\"canonical\" href=\"https:\/\/rectificadoscuevas.com\/?page_id=161\" \/>\n<meta property=\"og:locale\" content=\"es_ES\" \/>\n<meta property=\"og:type\" content=\"article\" \/>\n<meta property=\"og:title\" content=\"Pol\u00edtica de privacidad - Rectificados Cuevas\" \/>\n<meta property=\"og:description\" content=\"El Titular le informa sobre su Pol\u00edtica de Privacidad respecto del tratamiento y protecci\u00f3n de los datos de car\u00e1cter personal de los usuarios que puedan ser recabados durante la navegaci\u00f3n a trav\u00e9s del Sitio Web: https:\/\/www.rectificadoscuevas.com En este sentido, el Titular garantiza el cumplimiento de la normativa vigente en materia de protecci\u00f3n de datos personales, [&hellip;]\" \/>\n<meta property=\"og:url\" content=\"https:\/\/rectificadoscuevas.com\/?page_id=161\" \/>\n<meta property=\"og:site_name\" content=\"Rectificados Cuevas\" \/>\n<meta property=\"article:modified_time\" content=\"2024-08-21T09:26:45+00:00\" \/>\n<meta name=\"twitter:card\" content=\"summary_large_image\" \/>\n<meta name=\"twitter:label1\" content=\"Tiempo de lectura\" \/>\n\t<meta name=\"twitter:data1\" content=\"4 minutos\" \/>\n<script type=\"application\/ld+json\" class=\"yoast-schema-graph\">{\"@context\":\"https:\/\/schema.org\",\"@graph\":[{\"@type\":\"WebPage\",\"@id\":\"https:\/\/rectificadoscuevas.com\/?page_id=161\",\"url\":\"https:\/\/rectificadoscuevas.com\/?page_id=161\",\"name\":\"Pol\u00edtica de privacidad - Rectificados Cuevas\",\"isPartOf\":{\"@id\":\"https:\/\/rectificadoscuevas.com\/#website\"},\"datePublished\":\"2023-04-12T20:23:02+00:00\",\"dateModified\":\"2024-08-21T09:26:45+00:00\",\"breadcrumb\":{\"@id\":\"https:\/\/rectificadoscuevas.com\/?page_id=161#breadcrumb\"},\"inLanguage\":\"es\",\"potentialAction\":[{\"@type\":\"ReadAction\",\"target\":[\"https:\/\/rectificadoscuevas.com\/?page_id=161\"]}]},{\"@type\":\"BreadcrumbList\",\"@id\":\"https:\/\/rectificadoscuevas.com\/?page_id=161#breadcrumb\",\"itemListElement\":[{\"@type\":\"ListItem\",\"position\":1,\"name\":\"Portada\",\"item\":\"https:\/\/rectificadoscuevas.com\/\"},{\"@type\":\"ListItem\",\"position\":2,\"name\":\"Pol\u00edtica de privacidad\"}]},{\"@type\":\"WebSite\",\"@id\":\"https:\/\/rectificadoscuevas.com\/#website\",\"url\":\"https:\/\/rectificadoscuevas.com\/\",\"name\":\"Rectificados Cuevas\",\"description\":\"Motores gasolina y diesel. Recambio y rectificado de motores\",\"publisher\":{\"@id\":\"https:\/\/rectificadoscuevas.com\/#organization\"},\"potentialAction\":[{\"@type\":\"SearchAction\",\"target\":{\"@type\":\"EntryPoint\",\"urlTemplate\":\"https:\/\/rectificadoscuevas.com\/?s={search_term_string}\"},\"query-input\":\"required name=search_term_string\"}],\"inLanguage\":\"es\"},{\"@type\":\"Organization\",\"@id\":\"https:\/\/rectificadoscuevas.com\/#organization\",\"name\":\"Rectificados Cuevas SLU\",\"url\":\"https:\/\/rectificadoscuevas.com\/\",\"logo\":{\"@type\":\"ImageObject\",\"inLanguage\":\"es\",\"@id\":\"https:\/\/rectificadoscuevas.com\/#\/schema\/logo\/image\/\",\"url\":\"https:\/\/rectificadoscuevas.com\/wp-content\/uploads\/2023\/04\/logocuevas.jpg\",\"contentUrl\":\"https:\/\/rectificadoscuevas.com\/wp-content\/uploads\/2023\/04\/logocuevas.jpg\",\"width\":719,\"height\":221,\"caption\":\"Rectificados Cuevas SLU\"},\"image\":{\"@id\":\"https:\/\/rectificadoscuevas.com\/#\/schema\/logo\/image\/\"}}]}<\/script>\n<!-- \/ Yoast SEO plugin. -->","yoast_head_json":{"title":"Pol\u00edtica de privacidad - Rectificados Cuevas","robots":{"index":"index","follow":"follow","max-snippet":"max-snippet:-1","max-image-preview":"max-image-preview:large","max-video-preview":"max-video-preview:-1"},"canonical":"https:\/\/rectificadoscuevas.com\/?page_id=161","og_locale":"es_ES","og_type":"article","og_title":"Pol\u00edtica de privacidad - Rectificados Cuevas","og_description":"El Titular le informa sobre su Pol\u00edtica de Privacidad respecto del tratamiento y protecci\u00f3n de los datos de car\u00e1cter personal de los usuarios que puedan ser recabados durante la navegaci\u00f3n a trav\u00e9s del Sitio Web: https:\/\/www.rectificadoscuevas.com En este sentido, el Titular garantiza el cumplimiento de la normativa vigente en materia de protecci\u00f3n de datos personales, [&hellip;]","og_url":"https:\/\/rectificadoscuevas.com\/?page_id=161","og_site_name":"Rectificados Cuevas","article_modified_time":"2024-08-21T09:26:45+00:00","twitter_card":"summary_large_image","twitter_misc":{"Tiempo de lectura":"4 minutos"},"schema":{"@context":"https:\/\/schema.org","@graph":[{"@type":"WebPage","@id":"https:\/\/rectificadoscuevas.com\/?page_id=161","url":"https:\/\/rectificadoscuevas.com\/?page_id=161","name":"Pol\u00edtica de privacidad - Rectificados Cuevas","isPartOf":{"@id":"https:\/\/rectificadoscuevas.com\/#website"},"datePublished":"2023-04-12T20:23:02+00:00","dateModified":"2024-08-21T09:26:45+00:00","breadcrumb":{"@id":"https:\/\/rectificadoscuevas.com\/?page_id=161#breadcrumb"},"inLanguage":"es","potentialAction":[{"@type":"ReadAction","target":["https:\/\/rectificadoscuevas.com\/?page_id=161"]}]},{"@type":"BreadcrumbList","@id":"https:\/\/rectificadoscuevas.com\/?page_id=161#breadcrumb","itemListElement":[{"@type":"ListItem","position":1,"name":"Portada","item":"https:\/\/rectificadoscuevas.com\/"},{"@type":"ListItem","position":2,"name":"Pol\u00edtica de privacidad"}]},{"@type":"WebSite","@id":"https:\/\/rectificadoscuevas.com\/#website","url":"https:\/\/rectificadoscuevas.com\/","name":"Rectificados Cuevas","description":"Motores gasolina y diesel. Recambio y rectificado de motores","publisher":{"@id":"https:\/\/rectificadoscuevas.com\/#organization"},"potentialAction":[{"@type":"SearchAction","target":{"@type":"EntryPoint","urlTemplate":"https:\/\/rectificadoscuevas.com\/?s={search_term_string}"},"query-input":"required name=search_term_string"}],"inLanguage":"es"},{"@type":"Organization","@id":"https:\/\/rectificadoscuevas.com\/#organization","name":"Rectificados Cuevas SLU","url":"https:\/\/rectificadoscuevas.com\/","logo":{"@type":"ImageObject","inLanguage":"es","@id":"https:\/\/rectificadoscuevas.com\/#\/schema\/logo\/image\/","url":"https:\/\/rectificadoscuevas.com\/wp-content\/uploads\/2023\/04\/logocuevas.jpg","contentUrl":"https:\/\/rectificadoscuevas.com\/wp-content\/uploads\/2023\/04\/logocuevas.jpg","width":719,"height":221,"caption":"Rectificados Cuevas SLU"},"image":{"@id":"https:\/\/rectificadoscuevas.com\/#\/schema\/logo\/image\/"}}]}},"jetpack_sharing_enabled":true,"_links":{"self":[{"href":"https:\/\/rectificadoscuevas.com\/index.php?rest_route=\/wp\/v2\/pages\/161","targetHints":{"allow":["GET"]}}],"collection":[{"href":"https:\/\/rectificadoscuevas.com\/index.php?rest_route=\/wp\/v2\/pages"}],"about":[{"href":"https:\/\/rectificadoscuevas.com\/index.php?rest_route=\/wp\/v2\/types\/page"}],"author":[{"embeddable":true,"href":"https:\/\/rectificadoscuevas.com\/index.php?rest_route=\/wp\/v2\/users\/2"}],"replies":[{"embeddable":true,"href":"https:\/\/rectificadoscuevas.com\/index.php?rest_route=%2Fwp%2Fv2%2Fcomments&post=161"}],"version-history":[{"count":4,"href":"https:\/\/rectificadoscuevas.com\/index.php?rest_route=\/wp\/v2\/pages\/161\/revisions"}],"predecessor-version":[{"id":523,"href":"https:\/\/rectificadoscuevas.com\/index.php?rest_route=\/wp\/v2\/pages\/161\/revisions\/523"}],"wp:attachment":[{"href":"https:\/\/rectificadoscuevas.com\/index.php?rest_route=%2Fwp%2Fv2%2Fmedia&parent=161"}],"curies":[{"name":"wp","href":"https:\/\/api.w.org\/{rel}","templated":true}]}}