{"id":176,"date":"2023-04-13T10:05:23","date_gmt":"2023-04-13T08:05:23","guid":{"rendered":"https:\/\/rectificadoscuevas.com\/?page_id=176"},"modified":"2023-04-13T10:05:23","modified_gmt":"2023-04-13T08:05:23","slug":"personalizar-cookies","status":"publish","type":"page","link":"https:\/\/rectificadoscuevas.com\/?page_id=176","title":{"rendered":"Personalizar Cookies"},"content":{"rendered":"\n<div>\n      <div id=\"custom-cookies-eu-label\">\n          El sitio Web https:\/\/www.rectificadoscuevas.com utiliza cookies propias  para su correcto funcionamiento. Al hacer clic en el bot\u00f3n Aceptar, acepta el uso de estas tecnolog\u00edas y el procesamiento de sus datos para estos prop\u00f3sitos.          \n\n      <\/div>\n\n      <div id=\"custom-cookies-eu-buttons\" class=\"cookies-eu-buttons\">\n        <button id=\"custom-cookies-eu-reject\" class=\"cookies-eu-reject\">Rechazar<\/button>\n        <button id=\"custom-cookies-eu-accept\" class=\"cookies-eu-accept\">ACEPTAR TODAS LAS COOKIES<\/button><\/div>\n      <\/div>\n\n<br\/>\n<p>\n\tPuedes cambiar tus preferencias de cookies en cualquier momento si vuelves a la p\u00e1gina de Personalizar cookies, a la que puedes acceder a trav\u00e9s del Aviso de cookies. Para obtener m\u00e1s informaci\u00f3n sobre las cookies y c\u00f3mo las usamos, consulta la p\u00e1gina de <a href=\"https:\/\/rectificadoscuevas.com\/?page_id=175\">Pol\u00edtica de Cookies<\/a>.\n<\/p>\n\n<h3>Cookies t\u00e9cnicas<\/h3>\n<p>\n\tSon aquellas que permiten a los usuarios registrados navegar a trav\u00e9s del sitio Web, del \u00e1rea restringida y a utilizar sus diferentes funciones, como por ejemplo, el sistema de comentarios o el buscador y no pueden ser desactivadas.\n<\/p>\n\n\n\n","protected":false},"excerpt":{"rendered":"<p>El sitio Web https:\/\/www.rectificadoscuevas.com utiliza cookies propias para su correcto funcionamiento. Al hacer clic en el bot\u00f3n Aceptar, acepta el uso de estas tecnolog\u00edas y el procesamiento de sus datos para estos prop\u00f3sitos. Rechazar ACEPTAR TODAS LAS COOKIES Puedes cambiar tus preferencias de cookies en cualquier momento si vuelves a la p\u00e1gina de Personalizar cookies, [&hellip;]<\/p>\n","protected":false},"author":2,"featured_media":0,"parent":0,"menu_order":0,"comment_status":"closed","ping_status":"closed","template":"","meta":{"_regular_price":[],"currency_symbol":[],"om_disable_all_campaigns":false,"_monsterinsights_skip_tracking":false,"_monsterinsights_sitenote_active":false,"_monsterinsights_sitenote_note":"","_monsterinsights_sitenote_category":0,"footnotes":""},"class_list":["post-176","page","type-page","status-publish","hentry"],"post_slider_layout_featured_media_urls":{"thumbnail":"","post_slider_layout_landscape_large":"","post_slider_layout_portrait_large":"","post_slider_layout_square_large":"","post_slider_layout_landscape":"","post_slider_layout_portrait":"","post_slider_layout_square":"","full":""},"yoast_head":"<!-- This site is optimized with the Yoast SEO plugin v22.5 - https:\/\/yoast.com\/wordpress\/plugins\/seo\/ -->\n<title>Personalizar Cookies - Rectificados Cuevas<\/title>\n<meta name=\"robots\" content=\"index, follow, max-snippet:-1, max-image-preview:large, max-video-preview:-1\" \/>\n<link rel=\"canonical\" href=\"https:\/\/rectificadoscuevas.com\/?page_id=176\" \/>\n<meta property=\"og:locale\" content=\"es_ES\" \/>\n<meta property=\"og:type\" content=\"article\" \/>\n<meta property=\"og:title\" content=\"Personalizar Cookies - Rectificados Cuevas\" \/>\n<meta property=\"og:description\" content=\"El sitio Web https:\/\/www.rectificadoscuevas.com utiliza cookies propias para su correcto funcionamiento. Al hacer clic en el bot\u00f3n Aceptar, acepta el uso de estas tecnolog\u00edas y el procesamiento de sus datos para estos prop\u00f3sitos. Rechazar ACEPTAR TODAS LAS COOKIES Puedes cambiar tus preferencias de cookies en cualquier momento si vuelves a la p\u00e1gina de Personalizar cookies, [&hellip;]\" \/>\n<meta property=\"og:url\" content=\"https:\/\/rectificadoscuevas.com\/?page_id=176\" \/>\n<meta property=\"og:site_name\" content=\"Rectificados Cuevas\" \/>\n<meta name=\"twitter:card\" content=\"summary_large_image\" \/>\n<script type=\"application\/ld+json\" class=\"yoast-schema-graph\">{\"@context\":\"https:\/\/schema.org\",\"@graph\":[{\"@type\":\"WebPage\",\"@id\":\"https:\/\/rectificadoscuevas.com\/?page_id=176\",\"url\":\"https:\/\/rectificadoscuevas.com\/?page_id=176\",\"name\":\"Personalizar Cookies - Rectificados Cuevas\",\"isPartOf\":{\"@id\":\"https:\/\/rectificadoscuevas.com\/#website\"},\"datePublished\":\"2023-04-13T08:05:23+00:00\",\"dateModified\":\"2023-04-13T08:05:23+00:00\",\"breadcrumb\":{\"@id\":\"https:\/\/rectificadoscuevas.com\/?page_id=176#breadcrumb\"},\"inLanguage\":\"es\",\"potentialAction\":[{\"@type\":\"ReadAction\",\"target\":[\"https:\/\/rectificadoscuevas.com\/?page_id=176\"]}]},{\"@type\":\"BreadcrumbList\",\"@id\":\"https:\/\/rectificadoscuevas.com\/?page_id=176#breadcrumb\",\"itemListElement\":[{\"@type\":\"ListItem\",\"position\":1,\"name\":\"Portada\",\"item\":\"https:\/\/rectificadoscuevas.com\/\"},{\"@type\":\"ListItem\",\"position\":2,\"name\":\"Personalizar Cookies\"}]},{\"@type\":\"WebSite\",\"@id\":\"https:\/\/rectificadoscuevas.com\/#website\",\"url\":\"https:\/\/rectificadoscuevas.com\/\",\"name\":\"Rectificados Cuevas\",\"description\":\"Motores gasolina y diesel. Recambio y rectificado de motores\",\"publisher\":{\"@id\":\"https:\/\/rectificadoscuevas.com\/#organization\"},\"potentialAction\":[{\"@type\":\"SearchAction\",\"target\":{\"@type\":\"EntryPoint\",\"urlTemplate\":\"https:\/\/rectificadoscuevas.com\/?s={search_term_string}\"},\"query-input\":\"required name=search_term_string\"}],\"inLanguage\":\"es\"},{\"@type\":\"Organization\",\"@id\":\"https:\/\/rectificadoscuevas.com\/#organization\",\"name\":\"Rectificados Cuevas SLU\",\"url\":\"https:\/\/rectificadoscuevas.com\/\",\"logo\":{\"@type\":\"ImageObject\",\"inLanguage\":\"es\",\"@id\":\"https:\/\/rectificadoscuevas.com\/#\/schema\/logo\/image\/\",\"url\":\"https:\/\/rectificadoscuevas.com\/wp-content\/uploads\/2023\/04\/logocuevas.jpg\",\"contentUrl\":\"https:\/\/rectificadoscuevas.com\/wp-content\/uploads\/2023\/04\/logocuevas.jpg\",\"width\":719,\"height\":221,\"caption\":\"Rectificados Cuevas SLU\"},\"image\":{\"@id\":\"https:\/\/rectificadoscuevas.com\/#\/schema\/logo\/image\/\"}}]}<\/script>\n<!-- \/ Yoast SEO plugin. -->","yoast_head_json":{"title":"Personalizar Cookies - Rectificados Cuevas","robots":{"index":"index","follow":"follow","max-snippet":"max-snippet:-1","max-image-preview":"max-image-preview:large","max-video-preview":"max-video-preview:-1"},"canonical":"https:\/\/rectificadoscuevas.com\/?page_id=176","og_locale":"es_ES","og_type":"article","og_title":"Personalizar Cookies - Rectificados Cuevas","og_description":"El sitio Web https:\/\/www.rectificadoscuevas.com utiliza cookies propias para su correcto funcionamiento. Al hacer clic en el bot\u00f3n Aceptar, acepta el uso de estas tecnolog\u00edas y el procesamiento de sus datos para estos prop\u00f3sitos. Rechazar ACEPTAR TODAS LAS COOKIES Puedes cambiar tus preferencias de cookies en cualquier momento si vuelves a la p\u00e1gina de Personalizar cookies, [&hellip;]","og_url":"https:\/\/rectificadoscuevas.com\/?page_id=176","og_site_name":"Rectificados Cuevas","twitter_card":"summary_large_image","schema":{"@context":"https:\/\/schema.org","@graph":[{"@type":"WebPage","@id":"https:\/\/rectificadoscuevas.com\/?page_id=176","url":"https:\/\/rectificadoscuevas.com\/?page_id=176","name":"Personalizar Cookies - Rectificados Cuevas","isPartOf":{"@id":"https:\/\/rectificadoscuevas.com\/#website"},"datePublished":"2023-04-13T08:05:23+00:00","dateModified":"2023-04-13T08:05:23+00:00","breadcrumb":{"@id":"https:\/\/rectificadoscuevas.com\/?page_id=176#breadcrumb"},"inLanguage":"es","potentialAction":[{"@type":"ReadAction","target":["https:\/\/rectificadoscuevas.com\/?page_id=176"]}]},{"@type":"BreadcrumbList","@id":"https:\/\/rectificadoscuevas.com\/?page_id=176#breadcrumb","itemListElement":[{"@type":"ListItem","position":1,"name":"Portada","item":"https:\/\/rectificadoscuevas.com\/"},{"@type":"ListItem","position":2,"name":"Personalizar Cookies"}]},{"@type":"WebSite","@id":"https:\/\/rectificadoscuevas.com\/#website","url":"https:\/\/rectificadoscuevas.com\/","name":"Rectificados Cuevas","description":"Motores gasolina y diesel. Recambio y rectificado de motores","publisher":{"@id":"https:\/\/rectificadoscuevas.com\/#organization"},"potentialAction":[{"@type":"SearchAction","target":{"@type":"EntryPoint","urlTemplate":"https:\/\/rectificadoscuevas.com\/?s={search_term_string}"},"query-input":"required name=search_term_string"}],"inLanguage":"es"},{"@type":"Organization","@id":"https:\/\/rectificadoscuevas.com\/#organization","name":"Rectificados Cuevas SLU","url":"https:\/\/rectificadoscuevas.com\/","logo":{"@type":"ImageObject","inLanguage":"es","@id":"https:\/\/rectificadoscuevas.com\/#\/schema\/logo\/image\/","url":"https:\/\/rectificadoscuevas.com\/wp-content\/uploads\/2023\/04\/logocuevas.jpg","contentUrl":"https:\/\/rectificadoscuevas.com\/wp-content\/uploads\/2023\/04\/logocuevas.jpg","width":719,"height":221,"caption":"Rectificados Cuevas SLU"},"image":{"@id":"https:\/\/rectificadoscuevas.com\/#\/schema\/logo\/image\/"}}]}},"jetpack_sharing_enabled":true,"_links":{"self":[{"href":"https:\/\/rectificadoscuevas.com\/index.php?rest_route=\/wp\/v2\/pages\/176","targetHints":{"allow":["GET"]}}],"collection":[{"href":"https:\/\/rectificadoscuevas.com\/index.php?rest_route=\/wp\/v2\/pages"}],"about":[{"href":"https:\/\/rectificadoscuevas.com\/index.php?rest_route=\/wp\/v2\/types\/page"}],"author":[{"embeddable":true,"href":"https:\/\/rectificadoscuevas.com\/index.php?rest_route=\/wp\/v2\/users\/2"}],"replies":[{"embeddable":true,"href":"https:\/\/rectificadoscuevas.com\/index.php?rest_route=%2Fwp%2Fv2%2Fcomments&post=176"}],"version-history":[{"count":0,"href":"https:\/\/rectificadoscuevas.com\/index.php?rest_route=\/wp\/v2\/pages\/176\/revisions"}],"wp:attachment":[{"href":"https:\/\/rectificadoscuevas.com\/index.php?rest_route=%2Fwp%2Fv2%2Fmedia&parent=176"}],"curies":[{"name":"wp","href":"https:\/\/api.w.org\/{rel}","templated":true}]}}