{"id":97,"date":"2023-02-23T13:01:50","date_gmt":"2023-02-23T12:01:50","guid":{"rendered":"https:\/\/rectificadoscuevas.com\/?page_id=97"},"modified":"2024-04-11T10:04:32","modified_gmt":"2024-04-11T08:04:32","slug":"servicios","status":"publish","type":"page","link":"https:\/\/rectificadoscuevas.com\/?page_id=97","title":{"rendered":"Servicios"},"content":{"rendered":"\n<div class=\"wp-block-cover is-light\" style=\"min-height:360px;aspect-ratio:unset;\"><span aria-hidden=\"true\" class=\"wp-block-cover__background has-white-background-color has-background-dim-60 has-background-dim\"><\/span><img loading=\"lazy\" decoding=\"async\" width=\"1080\" height=\"712\" class=\"wp-block-cover__image-background wp-image-65\" alt=\"\" src=\"https:\/\/rectificadoscuevas.com\/wp-content\/uploads\/2021\/01\/Diesel1.png\" style=\"object-position:50% 86%\" data-object-fit=\"cover\" data-object-position=\"50% 86%\" srcset=\"https:\/\/rectificadoscuevas.com\/wp-content\/uploads\/2021\/01\/Diesel1.png 1080w, https:\/\/rectificadoscuevas.com\/wp-content\/uploads\/2021\/01\/Diesel1-600x396.png 600w, https:\/\/rectificadoscuevas.com\/wp-content\/uploads\/2021\/01\/Diesel1-300x198.png 300w, https:\/\/rectificadoscuevas.com\/wp-content\/uploads\/2021\/01\/Diesel1-1024x675.png 1024w, https:\/\/rectificadoscuevas.com\/wp-content\/uploads\/2021\/01\/Diesel1-768x506.png 768w\" sizes=\"auto, (max-width: 1080px) 100vw, 1080px\" \/><div class=\"wp-block-cover__inner-container is-layout-constrained wp-block-cover-is-layout-constrained\">\n<div style=\"height:20px\" aria-hidden=\"true\" class=\"wp-block-spacer\"><\/div>\n\n\n\n<p class=\"has-text-align-center has-black-color has-text-color has-link-color wp-elements-cf840979a5bbe8be5c8ab3da0cad8ff7\" style=\"font-size:30px\">Nuestros mejores servicios de reacondicionamiento de Motores Rectificados cuevas.<\/p>\n\n\n\n<div style=\"height:55px\" aria-hidden=\"true\" class=\"wp-block-spacer\"><\/div>\n\n\n\n<div class=\"wp-block-buttons is-content-justification-center is-layout-flex wp-container-core-buttons-is-layout-16018d1d wp-block-buttons-is-layout-flex\">\n<div class=\"wp-block-button has-custom-font-size\" style=\"font-size:26px\"><a class=\"wp-block-button__link has-white-color has-black-background-color has-text-color has-background has-link-color has-text-align-center wp-element-button\" href=\"https:\/\/rectificadoscuevas.com\/?page_id=12\" style=\"border-radius:15px\">Contacte con Nosotros<\/a><\/div>\n<\/div>\n<\/div><\/div>\n\n\n\n<div style=\"height:60px\" aria-hidden=\"true\" class=\"wp-block-spacer\"><\/div>\n\n\n\n<div class=\"wp-block-columns are-vertically-aligned-center is-layout-flex wp-container-core-columns-is-layout-9d6595d7 wp-block-columns-is-layout-flex\">\n<div class=\"wp-block-column is-layout-flow wp-block-column-is-layout-flow\"><div class=\"wp-block-image\">\n<figure class=\"aligncenter size-full is-resized\"><img loading=\"lazy\" decoding=\"async\" width=\"300\" height=\"204\" src=\"https:\/\/rectificadoscuevas.com\/wp-content\/uploads\/2021\/01\/Manolo-contactoB.png\" alt=\"\" class=\"wp-image-74\" style=\"aspect-ratio:1;object-fit:cover;width:300px;height:auto\"\/><\/figure>\n<\/div>\n\n\n<p class=\"has-text-align-center has-black-color has-text-color has-link-color wp-elements-e5bc35e3de7a23f26233911734155a75\" style=\"font-size:26px;font-style:normal;font-weight:500\"><a href=\"https:\/\/rectificadoscuevas.com\/?page_id=115\">Reparaci\u00f3n de Culatas<\/a><\/p>\n<\/div>\n\n\n\n<div class=\"wp-block-column is-layout-flow wp-block-column-is-layout-flow\"><div class=\"wp-block-image\">\n<figure class=\"aligncenter size-full is-resized\"><a href=\"https:\/\/rectificadoscuevas.com\/?page_id=117\"><img loading=\"lazy\" decoding=\"async\" width=\"1024\" height=\"1024\" src=\"https:\/\/rectificadoscuevas.com\/wp-content\/uploads\/2024\/04\/2-1.jpg\" alt=\"\" class=\"wp-image-325\" style=\"aspect-ratio:1;object-fit:cover;width:300px;height:auto\" srcset=\"https:\/\/rectificadoscuevas.com\/wp-content\/uploads\/2024\/04\/2-1.jpg 1024w, https:\/\/rectificadoscuevas.com\/wp-content\/uploads\/2024\/04\/2-1-300x300.jpg 300w, https:\/\/rectificadoscuevas.com\/wp-content\/uploads\/2024\/04\/2-1-150x150.jpg 150w, https:\/\/rectificadoscuevas.com\/wp-content\/uploads\/2024\/04\/2-1-768x768.jpg 768w, https:\/\/rectificadoscuevas.com\/wp-content\/uploads\/2024\/04\/2-1-600x600.jpg 600w, https:\/\/rectificadoscuevas.com\/wp-content\/uploads\/2024\/04\/2-1-100x100.jpg 100w\" sizes=\"auto, (max-width: 1024px) 100vw, 1024px\" \/><\/a><\/figure>\n<\/div>\n\n\n<p class=\"has-text-align-center has-black-color has-text-color has-link-color wp-elements-78389979c1e4994a3c6520490ba798a2\" style=\"font-size:26px;font-style:normal;font-weight:500\"><a href=\"https:\/\/rectificadoscuevas.com\/?page_id=117\">Reparaci\u00f3n de Cig\u00fce\u00f1ales<\/a><\/p>\n<\/div>\n\n\n\n<div class=\"wp-block-column is-layout-flow wp-block-column-is-layout-flow\"><div class=\"wp-block-image\">\n<figure class=\"aligncenter size-full is-resized\"><a href=\"https:\/\/rectificadoscuevas.com\/?page_id=119\"><img loading=\"lazy\" decoding=\"async\" width=\"1024\" height=\"1024\" src=\"https:\/\/rectificadoscuevas.com\/wp-content\/uploads\/2024\/04\/3-1.jpg\" alt=\"\" class=\"wp-image-328\" style=\"aspect-ratio:1;object-fit:cover;width:301px;height:auto\" srcset=\"https:\/\/rectificadoscuevas.com\/wp-content\/uploads\/2024\/04\/3-1.jpg 1024w, https:\/\/rectificadoscuevas.com\/wp-content\/uploads\/2024\/04\/3-1-300x300.jpg 300w, https:\/\/rectificadoscuevas.com\/wp-content\/uploads\/2024\/04\/3-1-150x150.jpg 150w, https:\/\/rectificadoscuevas.com\/wp-content\/uploads\/2024\/04\/3-1-768x768.jpg 768w, https:\/\/rectificadoscuevas.com\/wp-content\/uploads\/2024\/04\/3-1-600x600.jpg 600w, https:\/\/rectificadoscuevas.com\/wp-content\/uploads\/2024\/04\/3-1-100x100.jpg 100w\" sizes=\"auto, (max-width: 1024px) 100vw, 1024px\" \/><\/a><\/figure>\n<\/div>\n\n\n<p class=\"has-text-align-center has-black-color has-text-color has-link-color wp-elements-1f1eabaa699f6e879111a46347568956\" style=\"font-size:26px;font-style:normal;font-weight:500\"><a href=\"https:\/\/rectificadoscuevas.com\/?page_id=119\">Reparaci\u00f3n de bloques de motor<\/a><\/p>\n<\/div>\n<\/div>\n\n\n\n<div style=\"height:30px\" aria-hidden=\"true\" class=\"wp-block-spacer\"><\/div>\n\n\n\n<div class=\"wp-block-columns is-layout-flex wp-container-core-columns-is-layout-9d6595d7 wp-block-columns-is-layout-flex\">\n<div class=\"wp-block-column is-layout-flow wp-block-column-is-layout-flow\"><div class=\"wp-block-image\">\n<figure class=\"aligncenter size-large is-resized\"><a href=\"https:\/\/rectificadoscuevas.com\/?page_id=121\"><img loading=\"lazy\" decoding=\"async\" width=\"1024\" height=\"654\" src=\"https:\/\/rectificadoscuevas.com\/wp-content\/uploads\/2024\/04\/1-3-1024x654.jpg\" alt=\"\" class=\"wp-image-404\" style=\"aspect-ratio:1;object-fit:cover;width:300px;height:auto\" srcset=\"https:\/\/rectificadoscuevas.com\/wp-content\/uploads\/2024\/04\/1-3-1024x654.jpg 1024w, https:\/\/rectificadoscuevas.com\/wp-content\/uploads\/2024\/04\/1-3-300x192.jpg 300w, https:\/\/rectificadoscuevas.com\/wp-content\/uploads\/2024\/04\/1-3-768x490.jpg 768w, https:\/\/rectificadoscuevas.com\/wp-content\/uploads\/2024\/04\/1-3-600x383.jpg 600w, https:\/\/rectificadoscuevas.com\/wp-content\/uploads\/2024\/04\/1-3.jpg 1500w\" sizes=\"auto, (max-width: 1024px) 100vw, 1024px\" \/><\/a><\/figure>\n<\/div>\n\n\n<p class=\"has-text-align-center has-black-color has-text-color has-link-color wp-elements-5ec5499c4b63dfa2d22647d765a5135a\" style=\"font-size:26px;font-style:normal;font-weight:500\"><a href=\"https:\/\/rectificadoscuevas.com\/?page_id=121\">Reparaci\u00f3n de motores<\/a><\/p>\n<\/div>\n\n\n\n<div class=\"wp-block-column is-layout-flow wp-block-column-is-layout-flow\"><div class=\"wp-block-image\">\n<figure class=\"aligncenter size-large is-resized\"><a href=\"https:\/\/rectificadoscuevas.com\/?page_id=123\"><img loading=\"lazy\" decoding=\"async\" width=\"1024\" height=\"677\" src=\"https:\/\/rectificadoscuevas.com\/wp-content\/uploads\/2021\/01\/Diesel3-1024x677.png\" alt=\"\" class=\"wp-image-68\" style=\"aspect-ratio:1;object-fit:cover;width:300px;height:auto\" srcset=\"https:\/\/rectificadoscuevas.com\/wp-content\/uploads\/2021\/01\/Diesel3-1024x677.png 1024w, https:\/\/rectificadoscuevas.com\/wp-content\/uploads\/2021\/01\/Diesel3-600x397.png 600w, https:\/\/rectificadoscuevas.com\/wp-content\/uploads\/2021\/01\/Diesel3-300x198.png 300w, https:\/\/rectificadoscuevas.com\/wp-content\/uploads\/2021\/01\/Diesel3-768x508.png 768w, https:\/\/rectificadoscuevas.com\/wp-content\/uploads\/2021\/01\/Diesel3.png 1080w\" sizes=\"auto, (max-width: 1024px) 100vw, 1024px\" \/><\/a><\/figure>\n<\/div>\n\n\n<p class=\"has-text-align-center has-black-color has-text-color has-link-color wp-elements-b36470f622c5b907ef507e5c1915d758\" style=\"font-size:26px;font-style:normal;font-weight:500\"><a href=\"https:\/\/rectificadoscuevas.com\/?page_id=123\">Laboratorios di\u00e9sel<\/a><\/p>\n<\/div>\n\n\n\n<div class=\"wp-block-column is-layout-flow wp-block-column-is-layout-flow\"><div class=\"wp-block-image\">\n<figure class=\"aligncenter size-full is-resized\"><a href=\"https:\/\/rectificadoscuevas.com\/?page_id=123\"><img loading=\"lazy\" decoding=\"async\" width=\"300\" height=\"207\" src=\"https:\/\/rectificadoscuevas.com\/wp-content\/uploads\/2021\/01\/nacho-entregas.png\" alt=\"\" class=\"wp-image-76\" style=\"aspect-ratio:1;object-fit:cover;width:300px;height:auto\"\/><\/a><\/figure>\n<\/div>\n\n\n<p class=\"has-text-align-center has-black-color has-text-color has-link-color wp-elements-b10ce44e9a646997dd8b0bbb2da426a7\" style=\"font-size:26px;font-style:normal;font-weight:500\"><a href=\"https:\/\/rectificadoscuevas.com\/?page_id=123\">Entrega de repuestos<\/a><\/p>\n<\/div>\n<\/div>\n\n\n\n<div style=\"height:50px\" aria-hidden=\"true\" class=\"wp-block-spacer\"><\/div>\n\n\n\n<div class=\"wp-block-columns is-layout-flex wp-container-core-columns-is-layout-9d6595d7 wp-block-columns-is-layout-flex\">\n<div class=\"wp-block-column is-layout-flow wp-block-column-is-layout-flow\"><div class=\"wp-block-image\">\n<figure class=\"aligncenter size-full is-resized\"><a href=\"https:\/\/rectificadoscuevas.com\/?page_id=127\"><img loading=\"lazy\" decoding=\"async\" width=\"300\" height=\"225\" src=\"https:\/\/rectificadoscuevas.com\/wp-content\/uploads\/2021\/01\/34_Ordenador.png\" alt=\"\" class=\"wp-image-55\" style=\"aspect-ratio:1;object-fit:cover;width:300px;height:auto\"\/><\/a><\/figure>\n<\/div>\n\n\n<p class=\"has-text-align-center has-black-color has-text-color has-link-color wp-elements-60370d6bf20dd95fd9e9d1a319b4d177\" style=\"font-size:26px;font-style:normal;font-weight:500\"><a href=\"https:\/\/rectificadoscuevas.com\/?page_id=127\">Trabajos sobre veh\u00edculos<\/a><\/p>\n<\/div>\n\n\n\n<div class=\"wp-block-column is-layout-flow wp-block-column-is-layout-flow\"><div class=\"wp-block-image\">\n<figure class=\"aligncenter size-full is-resized\"><a href=\"https:\/\/rectificadoscuevas.com\/?page_id=125\"><img loading=\"lazy\" decoding=\"async\" width=\"300\" height=\"162\" src=\"https:\/\/rectificadoscuevas.com\/wp-content\/uploads\/2021\/01\/servman.png\" alt=\"\" class=\"wp-image-83\" style=\"aspect-ratio:1;object-fit:cover;width:300px\"\/><\/a><\/figure>\n<\/div>\n\n\n<p class=\"has-text-align-center has-black-color has-text-color has-link-color wp-elements-15f4216bb9a3017f5a589d875a8d8ce2\" style=\"font-size:26px;font-style:normal;font-weight:500\"><a href=\"https:\/\/rectificadoscuevas.com\/?page_id=125\">Servicio de mantenimiento<\/a><\/p>\n<\/div>\n<\/div>\n","protected":false},"excerpt":{"rendered":"<p>Reparaci\u00f3n de Culatas Reparaci\u00f3n de Cig\u00fce\u00f1ales Reparaci\u00f3n de bloques de motor Reparaci\u00f3n de motores Laboratorios di\u00e9sel Entrega de repuestos Trabajos sobre veh\u00edculos Servicio de mantenimiento<\/p>\n","protected":false},"author":1,"featured_media":0,"parent":0,"menu_order":0,"comment_status":"closed","ping_status":"closed","template":"","meta":{"_regular_price":[],"currency_symbol":[],"om_disable_all_campaigns":false,"_monsterinsights_skip_tracking":false,"_monsterinsights_sitenote_active":false,"_monsterinsights_sitenote_note":"","_monsterinsights_sitenote_category":0,"footnotes":""},"class_list":["post-97","page","type-page","status-publish","hentry"],"post_slider_layout_featured_media_urls":{"thumbnail":"","post_slider_layout_landscape_large":"","post_slider_layout_portrait_large":"","post_slider_layout_square_large":"","post_slider_layout_landscape":"","post_slider_layout_portrait":"","post_slider_layout_square":"","full":""},"yoast_head":"<!-- This site is optimized with the Yoast SEO plugin v22.5 - https:\/\/yoast.com\/wordpress\/plugins\/seo\/ -->\n<title>Servicios - Rectificados Cuevas<\/title>\n<meta name=\"robots\" content=\"index, follow, max-snippet:-1, max-image-preview:large, max-video-preview:-1\" \/>\n<link rel=\"canonical\" href=\"https:\/\/rectificadoscuevas.com\/?page_id=97\" \/>\n<meta property=\"og:locale\" content=\"es_ES\" \/>\n<meta property=\"og:type\" content=\"article\" \/>\n<meta property=\"og:title\" content=\"Servicios - Rectificados Cuevas\" \/>\n<meta property=\"og:description\" content=\"Reparaci\u00f3n de Culatas Reparaci\u00f3n de Cig\u00fce\u00f1ales Reparaci\u00f3n de bloques de motor Reparaci\u00f3n de motores Laboratorios di\u00e9sel Entrega de repuestos Trabajos sobre veh\u00edculos Servicio de mantenimiento\" \/>\n<meta property=\"og:url\" content=\"https:\/\/rectificadoscuevas.com\/?page_id=97\" \/>\n<meta property=\"og:site_name\" content=\"Rectificados Cuevas\" \/>\n<meta property=\"article:modified_time\" content=\"2024-04-11T08:04:32+00:00\" \/>\n<meta property=\"og:image\" content=\"https:\/\/rectificadoscuevas.com\/wp-content\/uploads\/2021\/01\/Diesel1.png\" \/>\n<meta name=\"twitter:card\" content=\"summary_large_image\" \/>\n<meta name=\"twitter:label1\" content=\"Tiempo de lectura\" \/>\n\t<meta name=\"twitter:data1\" content=\"2 minutos\" \/>\n<script type=\"application\/ld+json\" class=\"yoast-schema-graph\">{\"@context\":\"https:\/\/schema.org\",\"@graph\":[{\"@type\":\"WebPage\",\"@id\":\"https:\/\/rectificadoscuevas.com\/?page_id=97\",\"url\":\"https:\/\/rectificadoscuevas.com\/?page_id=97\",\"name\":\"Servicios - Rectificados Cuevas\",\"isPartOf\":{\"@id\":\"https:\/\/rectificadoscuevas.com\/#website\"},\"primaryImageOfPage\":{\"@id\":\"https:\/\/rectificadoscuevas.com\/?page_id=97#primaryimage\"},\"image\":{\"@id\":\"https:\/\/rectificadoscuevas.com\/?page_id=97#primaryimage\"},\"thumbnailUrl\":\"https:\/\/rectificadoscuevas.com\/wp-content\/uploads\/2021\/01\/Diesel1.png\",\"datePublished\":\"2023-02-23T12:01:50+00:00\",\"dateModified\":\"2024-04-11T08:04:32+00:00\",\"breadcrumb\":{\"@id\":\"https:\/\/rectificadoscuevas.com\/?page_id=97#breadcrumb\"},\"inLanguage\":\"es\",\"potentialAction\":[{\"@type\":\"ReadAction\",\"target\":[\"https:\/\/rectificadoscuevas.com\/?page_id=97\"]}]},{\"@type\":\"ImageObject\",\"inLanguage\":\"es\",\"@id\":\"https:\/\/rectificadoscuevas.com\/?page_id=97#primaryimage\",\"url\":\"https:\/\/rectificadoscuevas.com\/wp-content\/uploads\/2021\/01\/Diesel1.png\",\"contentUrl\":\"https:\/\/rectificadoscuevas.com\/wp-content\/uploads\/2021\/01\/Diesel1.png\",\"width\":1080,\"height\":712},{\"@type\":\"BreadcrumbList\",\"@id\":\"https:\/\/rectificadoscuevas.com\/?page_id=97#breadcrumb\",\"itemListElement\":[{\"@type\":\"ListItem\",\"position\":1,\"name\":\"Portada\",\"item\":\"https:\/\/rectificadoscuevas.com\/\"},{\"@type\":\"ListItem\",\"position\":2,\"name\":\"Servicios\"}]},{\"@type\":\"WebSite\",\"@id\":\"https:\/\/rectificadoscuevas.com\/#website\",\"url\":\"https:\/\/rectificadoscuevas.com\/\",\"name\":\"Rectificados Cuevas\",\"description\":\"Motores gasolina y diesel. Recambio y rectificado de motores\",\"publisher\":{\"@id\":\"https:\/\/rectificadoscuevas.com\/#organization\"},\"potentialAction\":[{\"@type\":\"SearchAction\",\"target\":{\"@type\":\"EntryPoint\",\"urlTemplate\":\"https:\/\/rectificadoscuevas.com\/?s={search_term_string}\"},\"query-input\":\"required name=search_term_string\"}],\"inLanguage\":\"es\"},{\"@type\":\"Organization\",\"@id\":\"https:\/\/rectificadoscuevas.com\/#organization\",\"name\":\"Rectificados Cuevas SLU\",\"url\":\"https:\/\/rectificadoscuevas.com\/\",\"logo\":{\"@type\":\"ImageObject\",\"inLanguage\":\"es\",\"@id\":\"https:\/\/rectificadoscuevas.com\/#\/schema\/logo\/image\/\",\"url\":\"https:\/\/rectificadoscuevas.com\/wp-content\/uploads\/2023\/04\/logocuevas.jpg\",\"contentUrl\":\"https:\/\/rectificadoscuevas.com\/wp-content\/uploads\/2023\/04\/logocuevas.jpg\",\"width\":719,\"height\":221,\"caption\":\"Rectificados Cuevas SLU\"},\"image\":{\"@id\":\"https:\/\/rectificadoscuevas.com\/#\/schema\/logo\/image\/\"}}]}<\/script>\n<!-- \/ Yoast SEO plugin. -->","yoast_head_json":{"title":"Servicios - Rectificados Cuevas","robots":{"index":"index","follow":"follow","max-snippet":"max-snippet:-1","max-image-preview":"max-image-preview:large","max-video-preview":"max-video-preview:-1"},"canonical":"https:\/\/rectificadoscuevas.com\/?page_id=97","og_locale":"es_ES","og_type":"article","og_title":"Servicios - Rectificados Cuevas","og_description":"Reparaci\u00f3n de Culatas Reparaci\u00f3n de Cig\u00fce\u00f1ales Reparaci\u00f3n de bloques de motor Reparaci\u00f3n de motores Laboratorios di\u00e9sel Entrega de repuestos Trabajos sobre veh\u00edculos Servicio de mantenimiento","og_url":"https:\/\/rectificadoscuevas.com\/?page_id=97","og_site_name":"Rectificados Cuevas","article_modified_time":"2024-04-11T08:04:32+00:00","og_image":[{"url":"https:\/\/rectificadoscuevas.com\/wp-content\/uploads\/2021\/01\/Diesel1.png"}],"twitter_card":"summary_large_image","twitter_misc":{"Tiempo de lectura":"2 minutos"},"schema":{"@context":"https:\/\/schema.org","@graph":[{"@type":"WebPage","@id":"https:\/\/rectificadoscuevas.com\/?page_id=97","url":"https:\/\/rectificadoscuevas.com\/?page_id=97","name":"Servicios - Rectificados Cuevas","isPartOf":{"@id":"https:\/\/rectificadoscuevas.com\/#website"},"primaryImageOfPage":{"@id":"https:\/\/rectificadoscuevas.com\/?page_id=97#primaryimage"},"image":{"@id":"https:\/\/rectificadoscuevas.com\/?page_id=97#primaryimage"},"thumbnailUrl":"https:\/\/rectificadoscuevas.com\/wp-content\/uploads\/2021\/01\/Diesel1.png","datePublished":"2023-02-23T12:01:50+00:00","dateModified":"2024-04-11T08:04:32+00:00","breadcrumb":{"@id":"https:\/\/rectificadoscuevas.com\/?page_id=97#breadcrumb"},"inLanguage":"es","potentialAction":[{"@type":"ReadAction","target":["https:\/\/rectificadoscuevas.com\/?page_id=97"]}]},{"@type":"ImageObject","inLanguage":"es","@id":"https:\/\/rectificadoscuevas.com\/?page_id=97#primaryimage","url":"https:\/\/rectificadoscuevas.com\/wp-content\/uploads\/2021\/01\/Diesel1.png","contentUrl":"https:\/\/rectificadoscuevas.com\/wp-content\/uploads\/2021\/01\/Diesel1.png","width":1080,"height":712},{"@type":"BreadcrumbList","@id":"https:\/\/rectificadoscuevas.com\/?page_id=97#breadcrumb","itemListElement":[{"@type":"ListItem","position":1,"name":"Portada","item":"https:\/\/rectificadoscuevas.com\/"},{"@type":"ListItem","position":2,"name":"Servicios"}]},{"@type":"WebSite","@id":"https:\/\/rectificadoscuevas.com\/#website","url":"https:\/\/rectificadoscuevas.com\/","name":"Rectificados Cuevas","description":"Motores gasolina y diesel. Recambio y rectificado de motores","publisher":{"@id":"https:\/\/rectificadoscuevas.com\/#organization"},"potentialAction":[{"@type":"SearchAction","target":{"@type":"EntryPoint","urlTemplate":"https:\/\/rectificadoscuevas.com\/?s={search_term_string}"},"query-input":"required name=search_term_string"}],"inLanguage":"es"},{"@type":"Organization","@id":"https:\/\/rectificadoscuevas.com\/#organization","name":"Rectificados Cuevas SLU","url":"https:\/\/rectificadoscuevas.com\/","logo":{"@type":"ImageObject","inLanguage":"es","@id":"https:\/\/rectificadoscuevas.com\/#\/schema\/logo\/image\/","url":"https:\/\/rectificadoscuevas.com\/wp-content\/uploads\/2023\/04\/logocuevas.jpg","contentUrl":"https:\/\/rectificadoscuevas.com\/wp-content\/uploads\/2023\/04\/logocuevas.jpg","width":719,"height":221,"caption":"Rectificados Cuevas SLU"},"image":{"@id":"https:\/\/rectificadoscuevas.com\/#\/schema\/logo\/image\/"}}]}},"jetpack_sharing_enabled":true,"_links":{"self":[{"href":"https:\/\/rectificadoscuevas.com\/index.php?rest_route=\/wp\/v2\/pages\/97","targetHints":{"allow":["GET"]}}],"collection":[{"href":"https:\/\/rectificadoscuevas.com\/index.php?rest_route=\/wp\/v2\/pages"}],"about":[{"href":"https:\/\/rectificadoscuevas.com\/index.php?rest_route=\/wp\/v2\/types\/page"}],"author":[{"embeddable":true,"href":"https:\/\/rectificadoscuevas.com\/index.php?rest_route=\/wp\/v2\/users\/1"}],"replies":[{"embeddable":true,"href":"https:\/\/rectificadoscuevas.com\/index.php?rest_route=%2Fwp%2Fv2%2Fcomments&post=97"}],"version-history":[{"count":20,"href":"https:\/\/rectificadoscuevas.com\/index.php?rest_route=\/wp\/v2\/pages\/97\/revisions"}],"predecessor-version":[{"id":451,"href":"https:\/\/rectificadoscuevas.com\/index.php?rest_route=\/wp\/v2\/pages\/97\/revisions\/451"}],"wp:attachment":[{"href":"https:\/\/rectificadoscuevas.com\/index.php?rest_route=%2Fwp%2Fv2%2Fmedia&parent=97"}],"curies":[{"name":"wp","href":"https:\/\/api.w.org\/{rel}","templated":true}]}}